{"id":86175,"date":"2026-04-23T10:13:25","date_gmt":"2026-04-23T08:13:25","guid":{"rendered":"https:\/\/hunvolley.hu\/?page_id=86175"},"modified":"2026-04-27T14:29:12","modified_gmt":"2026-04-27T12:29:12","slug":"safeguarding","status":"publish","type":"page","link":"https:\/\/hunvolley.hu\/index.php\/safeguarding\/","title":{"rendered":"Safeguarding"},"content":{"rendered":"<p>[et_pb_section fb_built=&#8221;1&#8243; _builder_version=&#8221;4.23.1&#8243; _module_preset=&#8221;default&#8221; global_colors_info=&#8221;{}&#8221;][et_pb_row column_structure=&#8221;3_4,1_4&#8243; use_custom_gutter=&#8221;on&#8221; gutter_width=&#8221;2&#8243; _builder_version=&#8221;4.23.1&#8243; _module_preset=&#8221;default&#8221; custom_margin=&#8221;||0px||false|false&#8221; custom_padding=&#8221;||0px|||&#8221; global_colors_info=&#8221;{}&#8221;][et_pb_column type=&#8221;3_4&#8243; _builder_version=&#8221;4.23.1&#8243; _module_preset=&#8221;default&#8221; custom_css_main_element=&#8221;margin: auto;&#8221; global_colors_info=&#8221;{}&#8221;][et_pb_text _builder_version=&#8221;4.27.6&#8243; _module_preset=&#8221;default&#8221; custom_margin=&#8221;||||false|false&#8221; custom_padding=&#8221;||||false|false&#8221; hover_enabled=&#8221;0&#8243; global_colors_info=&#8221;{}&#8221; sticky_enabled=&#8221;0&#8243;]<\/p>\n<p>A Magyar R\u00f6plabda Sz\u00f6vets\u00e9g elk\u00f6telezett a sport biztons\u00e1gos, tiszteletteljes \u00e9s etikus k\u00f6rnyezet\u00e9nek fenntart\u00e1sa mellett, \u00edgy amennyiben olyan esem\u00e9nyt, viselked\u00e9st vagy k\u00f6r\u00fclm\u00e9nyt tapasztal, amely s\u00e9rti ezeket az alapelveket, k\u00e9rj\u00fck, jelezze ezen bejelent\u0151 fel\u00fclet\u00fcnk\u00f6n kereszt\u00fcl.<\/p>\n<p>A bejelent\u00e9seket minden esetben <strong>bizalmasan <\/strong>\u00e9s <strong>anonim <\/strong>m\u00f3don kezelj\u00fck.<\/p>\n<p>Az MRSZ <strong>minden be\u00e9rkezett esetet kivizsg\u00e1l<\/strong>. A vizsg\u00e1lat eredm\u00e9ny\u00e9r\u0151l t\u00e1j\u00e9koztat\u00e1st k\u00fcld\u00fcnk arra az e-mail c\u00edmre, amelyr\u0151l a bejelent\u00e9s \u00e9rkezett. Az e-mail c\u00edm megad\u00e1s\u00e1nak c\u00e9lja a kapcsolattart\u00e1s \u00e9s az eredm\u00e9nyek k\u00f6zl\u00e9se, az MRSZ Safeguarding felel\u0151sei az Adatkezel\u00e9si Szab\u00e1lyzat alapj\u00e1n kezelik a szem\u00e9lyes adatokat.<\/p>\n<p>K\u00e9rj\u00fck, hogy a bejelent\u00e9s sor\u00e1n lehet\u0151s\u00e9g szerint min\u00e9l r\u00e9szletesebb inform\u00e1ci\u00f3kat adjon meg, ezzel is seg\u00edtve a kivizsg\u00e1l\u00e1s hat\u00e9konys\u00e1g\u00e1t. P\u00e9ld\u00e1ul egy m\u00e9rk\u0151z\u00e9sen t\u00f6rt\u00e9nt esem\u00e9ny eset\u00e9n hasznos lehet a m\u00e9rk\u0151z\u00e9s sz\u00e1ma, a r\u00e9sztvev\u0151 csapatok neve, valamint az \u00e9rintett szem\u00e9ly(ek) megnevez\u00e9se (pl. k\u00f6zrem\u0171k\u00f6d\u0151k eset\u00e9ben).<\/p>\n<p>K\u00f6sz\u00f6nj\u00fck egy\u00fcttm\u0171k\u00f6d\u00e9s\u00e9t \u00e9s hozz\u00e1j\u00e1rul\u00e1s\u00e1t a magyar r\u00f6plabda k\u00f6z\u00f6ss\u00e9g biztons\u00e1g\u00e1nak meg\u0151rz\u00e9s\u00e9hez.<\/p>\n<p>[\/et_pb_text][et_pb_text _builder_version=&#8221;4.27.6&#8243; _module_preset=&#8221;default&#8221; text_text_color=&#8221;#000000&#8243; text_line_height=&#8221;1.4em&#8221; header_font=&#8221;|600|||||||&#8221; header_text_color=&#8221;#1e1e1e&#8221; header_2_font_size=&#8221;48px&#8221; header_2_line_height=&#8221;1.4em&#8221; custom_margin=&#8221;50px||||false|false&#8221; custom_padding=&#8221;||50px||false|false&#8221; hover_enabled=&#8221;0&#8243; global_colors_info=&#8221;{}&#8221; sticky_enabled=&#8221;0&#8243;]<\/p>\n<h2>Biztons\u00e1gban a p\u00e1ly\u00e1n, bizalommal a k\u00f6z\u00f6ss\u00e9gben<\/h2>\n<p>T\u00f6ltse ki az \u0171rlapot, mi pedig a lehet\u0151 leghamarabb v\u00e1laszolunk.[\/et_pb_text][et_pb_contact_form email=&#8221;safeguarding@hunvolley.hu&#8221; custom_message=&#8221;\u00daJ BEJELENT\u00c9S \u00c9RKEZETT!||et_pb_line_break_holder||||et_pb_line_break_holder||E-mail: %%Email%%||et_pb_line_break_holder||Melyik napon t\u00f6rt\u00e9nt az eset:  %%date%%||et_pb_line_break_holder||Milyen min\u0151s\u00e9g\u00e9ben volt ott a szem\u00e9ly: %%whichtype%%||et_pb_line_break_holder||Milyen esetkor t\u00f6rt\u00e9nt: %%whichcase%%||et_pb_line_break_holder||||et_pb_line_break_holder||||et_pb_line_break_holder||\u00dczenet: %%Message%%||et_pb_line_break_holder||||et_pb_line_break_holder||||et_pb_line_break_holder||Adatv\u00e9delmi hozz\u00e1j\u00e1rul\u00e1s: %%adat%%&#8221; success_message=&#8221; Az e-mail sikeresen elk\u00fcldve.&#8221; submit_button_text=&#8221;Elk\u00fcld\u00f6m&#8221; _builder_version=&#8221;4.27.6&#8243; _module_preset=&#8221;default&#8221; _unique_id=&#8221;b1247045-13ee-4237-9932-7318094defef&#8221; custom_button=&#8221;on&#8221; button_text_size=&#8221;16px&#8221; button_text_color=&#8221;#FFFFFF&#8221; button_bg_color=&#8221;#0fa3ca&#8221; button_border_width=&#8221;0px&#8221; button_border_radius=&#8221;20px&#8221; button_use_icon=&#8221;off&#8221; button_custom_margin=&#8221;30px||||false|false&#8221; button_custom_padding=&#8221;10px|60px|10px|60px|true|true&#8221; custom_margin_tablet=&#8221;&#8221; custom_margin_phone=&#8221;||50px||false|false&#8221; custom_margin_last_edited=&#8221;on|phone&#8221; hover_enabled=&#8221;0&#8243; border_radii=&#8221;on|24px|24px|24px|24px&#8221; global_colors_info=&#8221;{}&#8221; sticky_enabled=&#8221;0&#8243;][et_pb_contact_field field_id=&#8221;Email&#8221; field_title=&#8221;E-mail c\u00edm&#8221; field_type=&#8221;email&#8221; _builder_version=&#8221;4.27.6&#8243; _module_preset=&#8221;default&#8221; global_colors_info=&#8221;{}&#8221; button_text_size__hover_enabled=&#8221;off&#8221; button_one_text_size__hover_enabled=&#8221;off&#8221; button_two_text_size__hover_enabled=&#8221;off&#8221; button_text_color__hover_enabled=&#8221;off&#8221; button_one_text_color__hover_enabled=&#8221;off&#8221; button_two_text_color__hover_enabled=&#8221;off&#8221; button_border_width__hover_enabled=&#8221;off&#8221; button_one_border_width__hover_enabled=&#8221;off&#8221; button_two_border_width__hover_enabled=&#8221;off&#8221; button_border_color__hover_enabled=&#8221;off&#8221; button_one_border_color__hover_enabled=&#8221;off&#8221; button_two_border_color__hover_enabled=&#8221;off&#8221; button_border_radius__hover_enabled=&#8221;off&#8221; button_one_border_radius__hover_enabled=&#8221;off&#8221; button_two_border_radius__hover_enabled=&#8221;off&#8221; button_letter_spacing__hover_enabled=&#8221;off&#8221; button_one_letter_spacing__hover_enabled=&#8221;off&#8221; button_two_letter_spacing__hover_enabled=&#8221;off&#8221; button_bg_color__hover_enabled=&#8221;off&#8221; button_one_bg_color__hover_enabled=&#8221;off&#8221; button_two_bg_color__hover_enabled=&#8221;off&#8221;][\/et_pb_contact_field][et_pb_contact_field field_id=&#8221;date&#8221; field_title=&#8221;Melyik napon t\u00f6rt\u00e9nt (2026.04.21.)&#8221; min_length=&#8221;11&#8243; max_length=&#8221;11&#8243; _builder_version=&#8221;4.27.6&#8243; _module_preset=&#8221;default&#8221; global_colors_info=&#8221;{}&#8221;][\/et_pb_contact_field][et_pb_contact_field field_id=&#8221;Message&#8221; field_title=&#8221;\u00dczenet (\u00edrja ide, konkr\u00e9tan mi t\u00f6rt\u00e9nt, illetve, hogy az p\u00e9ld\u00e1ul melyik m\u00e9rk\u0151z\u00e9sen t\u00f6rt\u00e9nt)&#8221; field_type=&#8221;text&#8221; fullwidth_field=&#8221;on&#8221; _builder_version=&#8221;4.27.6&#8243; _module_preset=&#8221;default&#8221; form_field_font_size=&#8221;16px&#8221; hover_enabled=&#8221;0&#8243; global_colors_info=&#8221;{}&#8221; button_text_size__hover_enabled=&#8221;off&#8221; button_one_text_size__hover_enabled=&#8221;off&#8221; button_two_text_size__hover_enabled=&#8221;off&#8221; button_text_color__hover_enabled=&#8221;off&#8221; button_one_text_color__hover_enabled=&#8221;off&#8221; button_two_text_color__hover_enabled=&#8221;off&#8221; button_border_width__hover_enabled=&#8221;off&#8221; button_one_border_width__hover_enabled=&#8221;off&#8221; button_two_border_width__hover_enabled=&#8221;off&#8221; button_border_color__hover_enabled=&#8221;off&#8221; button_one_border_color__hover_enabled=&#8221;off&#8221; button_two_border_color__hover_enabled=&#8221;off&#8221; button_border_radius__hover_enabled=&#8221;off&#8221; button_one_border_radius__hover_enabled=&#8221;off&#8221; button_two_border_radius__hover_enabled=&#8221;off&#8221; button_letter_spacing__hover_enabled=&#8221;off&#8221; button_one_letter_spacing__hover_enabled=&#8221;off&#8221; button_two_letter_spacing__hover_enabled=&#8221;off&#8221; button_bg_color__hover_enabled=&#8221;off&#8221; button_one_bg_color__hover_enabled=&#8221;off&#8221; button_two_bg_color__hover_enabled=&#8221;off&#8221; sticky_enabled=&#8221;0&#8243;][\/et_pb_contact_field][et_pb_contact_field field_id=&#8221;whichtype&#8221; field_title=&#8221;Milyen min\u0151s\u00e9g\u00e9ben volt ott az esetn\u00e9l?&#8221; field_type=&#8221;checkbox&#8221; checkbox_options=&#8221;%91{%22value%22:%2218 \u00e9v alatti j\u00e1t\u00e9kos%22,%22checked%22:0,%22dragID%22:0},{%22value%22:%2218 \u00e9v feletti j\u00e1t\u00e9kos%22,%22checked%22:0,%22dragID%22:6},{%22value%22:%22Edz\u0151%22,%22checked%22:0,%22dragID%22:1},{%22value%22:%22J\u00e1t\u00e9kvezet\u0151%22,%22checked%22:0,%22dragID%22:4},{%22value%22:%22Jegyz\u0151k\u00f6nyvvezet\u0151%22,%22checked%22:0,%22dragID%22:2},{%22value%22:%22Statisztikus%22,%22checked%22:0,%22dragID%22:3},{%22value%22:%22N\u00e9z\u0151%22,%22checked%22:0,%22dragID%22:-1},{%22value%22:%22Egy\u00e9b%22,%22checked%22:0,%22dragID%22:5}%93&#8243; fullwidth_field=&#8221;on&#8221; _builder_version=&#8221;4.27.6&#8243; _module_preset=&#8221;default&#8221; hover_enabled=&#8221;0&#8243; global_colors_info=&#8221;{}&#8221; sticky_enabled=&#8221;0&#8243;][\/et_pb_contact_field][et_pb_contact_field field_id=&#8221;whichcase&#8221; field_title=&#8221;Milyen min\u0151s\u00e9g\u00e9ben t\u00f6rt\u00e9nt az eset?&#8221; field_type=&#8221;checkbox&#8221; checkbox_options=&#8221;%91{%22value%22:%22Edz\u00e9s%22,%22checked%22:0,%22dragID%22:-1},{%22value%22:%22M\u00e9rk\u0151z\u00e9s%22,%22checked%22:0,%22dragID%22:0},{%22value%22:%22Egy\u00e9b%22,%22checked%22:0,%22dragID%22:1}%93&#8243; fullwidth_field=&#8221;on&#8221; _builder_version=&#8221;4.27.6&#8243; _module_preset=&#8221;default&#8221; global_colors_info=&#8221;{}&#8221;][\/et_pb_contact_field][et_pb_contact_field field_id=&#8221;adat&#8221; field_title=&#8221;Adatkezel\u00e9si hozz\u00e1j\u00e1rul\u00e1s&#8221; field_type=&#8221;radio&#8221; radio_options=&#8221;%91{%22value%22:%22Az adatkezel\u00e9si t\u00e1j\u00e9koztat\u00f3t megismertem \u00e9s elfogadom.  %22,%22checked%22:0,%22dragID%22:-1,%22link_text%22:%22Adatkezel\u00e9si hozz\u00e1j\u00e1rul\u00e1s itt.%22,%22link_url%22:%22https:\/\/hunvolley.hu\/index.php\/adatkezeles-impresszum\/%22}%93&#8243; fullwidth_field=&#8221;on&#8221; _builder_version=&#8221;4.27.6&#8243; _module_preset=&#8221;default&#8221; global_colors_info=&#8221;{}&#8221;][\/et_pb_contact_field][\/et_pb_contact_form][\/et_pb_column][et_pb_column type=&#8221;1_4&#8243; _builder_version=&#8221;4.23.1&#8243; _module_preset=&#8221;default&#8221; custom_css_main_element=&#8221;margin: auto;&#8221; global_colors_info=&#8221;{}&#8221;][et_pb_blog fullwidth=&#8221;off&#8221; posts_number=&#8221;2&#8243; include_categories=&#8221;current&#8221; meta_date=&#8221;Y.M.j.&#8221; excerpt_length=&#8221;50&#8243; show_author=&#8221;off&#8221; show_date=&#8221;off&#8221; show_categories=&#8221;off&#8221; show_pagination=&#8221;off&#8221; module_class=&#8221;mh-blog-16-9&#8243; _builder_version=&#8221;4.24.3&#8243; _module_preset=&#8221;default&#8221; header_level=&#8221;h3&#8243; header_font=&#8221;|600|||||||&#8221; header_text_color=&#8221;#1e1e1e&#8221; header_font_size=&#8221;16px&#8221; header_line_height=&#8221;1.4em&#8221; body_text_color=&#8221;#1e1e1e&#8221; meta_text_color=&#8221;#0F628A&#8221; meta_font_size=&#8221;12px&#8221; background_enable_color=&#8221;off&#8221; custom_padding=&#8221;||||false|false&#8221; header_font_size_tablet=&#8221;24px&#8221; header_font_size_phone=&#8221;18px&#8221; header_font_size_last_edited=&#8221;on|phone&#8221; custom_css_title=&#8221;padding: 0px 24px 12px 24px&#8221; custom_css_content=&#8221;padding: 0px 24px 14px 24px&#8221; custom_css_post_meta=&#8221;padding: 0px 24px 12px 24px&#8221; border_radii=&#8221;on|24px|24px|24px|24px&#8221; border_width_all=&#8221;0px&#8221; border_color_all_fullwidth=&#8221;RGBA(255,255,255,0)&#8221; border_radii_image=&#8221;on|24px|24px|24px|24px&#8221; box_shadow_style=&#8221;preset1&#8243; box_shadow_horizontal=&#8221;10px&#8221; box_shadow_vertical=&#8221;10px&#8221; box_shadow_blur=&#8221;30px&#8221; box_shadow_color=&#8221;rgba(15,98,138,0.15)&#8221; locked=&#8221;off&#8221; global_colors_info=&#8221;{}&#8221;][\/et_pb_blog][\/et_pb_column][\/et_pb_row][\/et_pb_section]<\/p>\n","protected":false},"excerpt":{"rendered":"<p>A Magyar R\u00f6plabda Sz\u00f6vets\u00e9g elk\u00f6telezett a sport biztons\u00e1gos, tiszteletteljes \u00e9s etikus k\u00f6rnyezet\u00e9nek fenntart\u00e1sa mellett, \u00edgy amennyiben olyan esem\u00e9nyt, viselked\u00e9st vagy k\u00f6r\u00fclm\u00e9nyt tapasztal, amely s\u00e9rti ezeket az alapelveket, k\u00e9rj\u00fck, jelezze ezen [&hellip;]<\/p>\n","protected":false},"author":8,"featured_media":0,"parent":0,"menu_order":0,"comment_status":"closed","ping_status":"closed","template":"","meta":{"_acf_changed":false,"_et_pb_use_builder":"on","_et_pb_old_content":"","_et_gb_content_width":"","footnotes":""},"class_list":["post-86175","page","type-page","status-publish","hentry"],"acf":[],"_links":{"self":[{"href":"https:\/\/hunvolley.hu\/index.php\/wp-json\/wp\/v2\/pages\/86175","targetHints":{"allow":["GET"]}}],"collection":[{"href":"https:\/\/hunvolley.hu\/index.php\/wp-json\/wp\/v2\/pages"}],"about":[{"href":"https:\/\/hunvolley.hu\/index.php\/wp-json\/wp\/v2\/types\/page"}],"author":[{"embeddable":true,"href":"https:\/\/hunvolley.hu\/index.php\/wp-json\/wp\/v2\/users\/8"}],"replies":[{"embeddable":true,"href":"https:\/\/hunvolley.hu\/index.php\/wp-json\/wp\/v2\/comments?post=86175"}],"version-history":[{"count":7,"href":"https:\/\/hunvolley.hu\/index.php\/wp-json\/wp\/v2\/pages\/86175\/revisions"}],"predecessor-version":[{"id":86203,"href":"https:\/\/hunvolley.hu\/index.php\/wp-json\/wp\/v2\/pages\/86175\/revisions\/86203"}],"wp:attachment":[{"href":"https:\/\/hunvolley.hu\/index.php\/wp-json\/wp\/v2\/media?parent=86175"}],"curies":[{"name":"wp","href":"https:\/\/api.w.org\/{rel}","templated":true}]}}