{"id":76639,"date":"2024-10-25T12:35:04","date_gmt":"2024-10-25T10:35:04","guid":{"rendered":"https:\/\/hunvolley.hu\/?page_id=76639"},"modified":"2025-06-26T09:35:35","modified_gmt":"2025-06-26T07:35:35","slug":"szakmai-folyoirat","status":"publish","type":"page","link":"https:\/\/hunvolley.hu\/index.php\/szakmai-folyoirat\/","title":{"rendered":"Szakmai foly\u00f3irat"},"content":{"rendered":"<p>[et_pb_section fb_built=&#8221;1&#8243; _builder_version=&#8221;4.27.2&#8243; _module_preset=&#8221;default&#8221; background_color=&#8221;RGBA(255,255,255,0)&#8221; use_background_color_gradient=&#8221;on&#8221; background_color_gradient_stops=&#8221;rgba(0,0,0,0.8) 0%|rgba(0,0,0,0.8) 90%&#8221; background_image=&#8221;https:\/\/hunvolley.hu\/wp-content\/uploads\/MI_0551-scaled.jpg&#8221; background_blend=&#8221;overlay&#8221; global_colors_info=&#8221;{}&#8221;][et_pb_row _builder_version=&#8221;4.23.1&#8243; _module_preset=&#8221;default&#8221; custom_padding=&#8221;150px||||false|false&#8221; global_colors_info=&#8221;{}&#8221;][et_pb_column type=&#8221;4_4&#8243; _builder_version=&#8221;4.23.1&#8243; _module_preset=&#8221;default&#8221; global_colors_info=&#8221;{}&#8221;][et_pb_text _builder_version=&#8221;4.23.1&#8243; _module_preset=&#8221;default&#8221; text_font=&#8221;|600|||||||&#8221; text_text_color=&#8221;#FFFFFF&#8221; header_font=&#8221;|600|||||||&#8221; header_text_color=&#8221;#FFFFFF&#8221; header_line_height=&#8221;1.4em&#8221; custom_margin=&#8221;||0px||false|false&#8221; custom_padding=&#8221;||||false|false&#8221; global_colors_info=&#8221;{}&#8221;]<\/p>\n<p>&nbsp;<\/p>\n<h1>Szakmai foly\u00f3irat<\/h1>\n<p>[\/et_pb_text][\/et_pb_column][\/et_pb_row][\/et_pb_section][et_pb_section fb_built=&#8221;1&#8243; disabled_on=&#8221;off|off|off&#8221; _builder_version=&#8221;4.27.2&#8243; _module_preset=&#8221;default&#8221; global_colors_info=&#8221;{}&#8221;][et_pb_row use_custom_gutter=&#8221;on&#8221; gutter_width=&#8221;2&#8243; _builder_version=&#8221;4.27.2&#8243; _module_preset=&#8221;default&#8221; z_index=&#8221;1&#8243; custom_margin=&#8221;||0px||false|false&#8221; custom_padding=&#8221;||0px|||&#8221; hover_enabled=&#8221;0&#8243; global_colors_info=&#8221;{}&#8221; sticky_enabled=&#8221;0&#8243;][et_pb_column type=&#8221;4_4&#8243; _builder_version=&#8221;4.23.1&#8243; _module_preset=&#8221;default&#8221; custom_css_main_element=&#8221;margin: auto;&#8221; global_colors_info=&#8221;{}&#8221;][et_pb_text _builder_version=&#8221;4.27.4&#8243; _module_preset=&#8221;default&#8221; hover_enabled=&#8221;0&#8243; global_colors_info=&#8221;{}&#8221; sticky_enabled=&#8221;0&#8243;]<\/p>\n<p class=\"x_MsoNormal\"><span data-olk-copy-source=\"MessageBody\">A Magyar R\u00f6plabda Sz\u00f6vets\u00e9g eln\u00f6ks\u00e9ge, 2023. december\u00e9ben hat\u00e1rozott arr\u00f3l, hogy \u00e9letre h\u00edvja a R\u00f6plabda Specifikus M\u00f3dszertani K\u00f6zpontot, mellyel kapcsolatos feladatok ell\u00e1t\u00e1s\u00e1t a B\u00e9k\u00e9scsabai R\u00f6plabda Akad\u00e9mi\u00e1ra b\u00edzta.<\/span><span><\/span><\/p>\n<p class=\"x_MsoNormal\"><span>A r\u00e1nk b\u00edzott feladat jelent\u0151s felel\u0151ss\u00e9ggel j\u00e1r, melynek igyeksz\u00fcnk legjobb tud\u00e1sunk szerint eleget tenni. C\u00e9lunk az \u00f6sszefog\u00e1s \u00e9s az el\u0151remutat\u00f3 szakmai kommunik\u00e1ci\u00f3 kereteinek megteremt\u00e9se, a szakm\u00e1ban dolgoz\u00f3k inspir\u00e1l\u00e1sa.<\/span><span><\/span><\/p>\n<p class=\"x_MsoNormal\"><span>\u00d6r\u00f6mteli, hogy a meg\u00fajul\u00e1s \u00fajabb m\u00e9rf\u00f6ldk\u00f6vek\u00e9nt \u00fatj\u00e1ra ind\u00edtottuk ezt a szakmai foly\u00f3iratot, amely tartalm\u00e1val seg\u00edtheti a sport\u00e1gban dolgoz\u00f3 szakembereket.<\/span><\/p>\n<p class=\"x_MsoNormal\"><span><br \/><\/span><strong>1. sz\u00e1m<\/strong><\/p>\n<p class=\"x_MsoNormal\"><a href=\"https:\/\/hunvolley.hu\/wp-content\/uploads\/Hollosy-Laszlo-A-technika-oktatasi-metodikaja.pdf\"><span>Holl\u00f3sy L\u00e1szl\u00f3: A technika oktat\u00e1si metodik\u00e1ja<\/span><\/a><\/p>\n<p class=\"x_MsoNormal\"><a href=\"https:\/\/hunvolley.hu\/wp-content\/uploads\/Dr.-Zalai-David-A-magyar-roplabda-fejlesztesi-teruletei-1.-Digitalizacios-fejlodes.pdf\"><span>Dr. Zalai D\u00e1vid: A magyar r\u00f6plabda fejleszt\u00e9si ter\u00fcletei (1. Digitaliz\u00e1ci\u00f3s fejl\u0151d\u00e9s)<\/span><\/a><\/p>\n<p class=\"x_MsoNormal\"><a href=\"https:\/\/hunvolley.hu\/wp-content\/uploads\/Toma-Sandor-Tehetsegkivalasztas-tesztek-es-tehetsegfejlesztesi-folyamatok-a-roplabdaban-torok-pelda-alapjan.pdf\"><span>Toma S\u00e1ndor: Tehets\u00e9gkiv\u00e1laszt\u00e1s, tesztek \u00e9s tehets\u00e9gfejleszt\u00e9si folyamatok a r\u00f6plabd\u00e1ban, t\u00f6r\u00f6k p\u00e9lda alapj\u00e1n<\/span><\/a><\/p>\n<p class=\"x_MsoNormal\"><a href=\"https:\/\/hunvolley.hu\/wp-content\/uploads\/Papp-Karoly-Az-allokepesseg-teljesitmenybefolyasolo-szerepe-a-csapatsportagakban.pdf\"><span>Papp K\u00e1roly: Az \u00e1ll\u00f3k\u00e9pess\u00e9g teljes\u00edtm\u00e9nybefoly\u00e1sol\u00f3 szerepe a csapatsport\u00e1gakban<\/span><\/a><\/p>\n<p>&nbsp;<\/p>\n<p><strong>2. sz\u00e1m<\/strong><\/p>\n<p><strong><\/strong><a href=\"https:\/\/hunvolley.hu\/wp-content\/uploads\/BRSE_2025-Roplabda-szakmai-folyoirat-II_A4_Dr.-Zalai-David-Phd.pdf\">Dr. Zalai D\u00e1vid: A magyar r\u00f6plabda fejleszt\u00e9si ter\u00fcletei (2. r\u00e9sz: A sporttudom\u00e1ny szerepe \u00e9s jelent\u0151s\u00e9ge)<\/a><\/p>\n<p><a href=\"https:\/\/hunvolley.hu\/wp-content\/uploads\/BRSE_2025-Roplabda-szakmai-folyoirat-II_A4_Bali-Mariann.pdf\"><span data-olk-copy-source=\"MessageBody\">Bali Mariann: A regener\u00e1ci\u00f3 menete az FC Barcelona csapatain\u00e1l<\/span><\/a><\/p>\n<p><a href=\"https:\/\/hunvolley.hu\/wp-content\/uploads\/BRSE_2025-Roplabda-szakmai-folyoirat-II_A4_Toma-Sandor.pdf\">Toma S\u00e1ndor: A tehets\u00e9gek kiv\u00e1laszt\u00e1sa, \u00e9rt\u00e9kel\u00e9se \u00e9s min\u0151s\u00edt\u00e9se olasz p\u00e9lda alapj\u00e1n<\/a><\/p>\n<p><a href=\"https:\/\/hunvolley.hu\/wp-content\/uploads\/BRSE_2025-Roplabda-szakmai-folyoirat-II_A4_Papp-Karoly.pdf\">Papp K\u00e1roly: A testt\u00f6meg index v\u00e1ltoz\u00e1sa U20-as koroszt\u00e1ly\u00fa l\u00e1nyokn\u00e1l<\/a><\/p>\n<p><a href=\"https:\/\/hunvolley.hu\/wp-content\/uploads\/BRSE_2025-Roplabda-szakmai-folyoirat-II_A4_Kormos-Mihaly.pdf\"><span data-olk-copy-source=\"MessageBody\">Kormos Mih\u00e1ly: A belga r\u00f6plabda elit sportiskolai rendszer fel\u00e9p\u00edt\u00e9se<\/span><\/a><\/p>\n<p><a href=\"https:\/\/hunvolley.hu\/wp-content\/uploads\/BRSE_2025-Roplabda-szakmai-folyoirat-II_A4_Birone-Ilics-Katalin.pdf\">Bir\u00f3n\u00e9 Dr. Ilics Katalin: N\u0151i r\u00f6plabda j\u00e1t\u00e9kosok boka- \u00e9s t\u00e9rdiz\u00fcleti funkci\u00f3inak \u00f6sszef\u00fcgg\u00e9s vizsg\u00e1lata a f\u00fcgg\u0151leges felugr\u00e1s eredm\u00e9ny\u00e9vel<\/a><\/p>\n<p>&nbsp;<\/p>\n<p><strong>3. sz\u00e1m<\/strong><\/p>\n<p><strong><\/strong><a href=\"https:\/\/hunvolley.hu\/wp-content\/uploads\/BRSE_2025_Roplabda-szakmai-folyoirat-III_A4_6-8.pdf\" title=\"Kormos Mih\u00e1ly \u00e9s Ritter G\u00e1bor: A hazai r\u00f6plabd\u00e1s edz\u0151k\u00e9pz\u00e9s rendszerszint\u0171 reformja\">Kormos Mih\u00e1ly \u00e9s Ritter G\u00e1bor: A hazai r\u00f6plabd\u00e1s edz\u0151k\u00e9pz\u00e9s rendszerszint\u0171 reformja<\/a><a href=\"https:\/\/hunvolley.hu\/wp-content\/uploads\/BRSE_2025-Roplabda-szakmai-folyoirat-II_A4_Dr.-Zalai-David-Phd.pdf\"><\/a><\/p>\n<p><a href=\"https:\/\/hunvolley.hu\/wp-content\/uploads\/BRSE_2025_Roplabda-szakmai-folyoirat-III_A4_9-13.pdf\">Dr. Zalai D\u00e1vid: A magyar r\u00f6plabda fejleszt\u00e9si ter\u00fcletei &#8211; 3. r\u00e9sz: az ut\u00e1np\u00f3tl\u00e1s-nevel\u00e9s holisztikus megk\u00f6zel\u00edt\u00e9se, avagy a sportol\u00f3i karrierterv \u00e9s \u00e9letp\u00e1lyamodell kialak\u00edt\u00e1sa<\/a><\/p>\n<p><a href=\"https:\/\/hunvolley.hu\/wp-content\/uploads\/BRSE_2025_Roplabda-szakmai-folyoirat-III_A4_14-23.pdf\">Gyuricza Be\u00e1ta \u00e9s Petrovszki-Lipt\u00e1k Vill\u0151: Prevenci\u00f3 a r\u00f6plabda sport\u00e1gban &#8211; \u00fatraval\u00f3 a s\u00e9r\u00fcl\u00e9sek elker\u00fcl\u00e9s\u00e9hez<\/a><\/p>\n<p><a href=\"https:\/\/hunvolley.hu\/wp-content\/uploads\/BRSE_2025_Roplabda-szakmai-folyoirat-III_A4_24-27.pdf\">Bagics Bence: \u00daj utakon a magyar strandr\u00f6plabd\u00e1z\u00e1s<\/a><\/p>\n<p><a href=\"https:\/\/hunvolley.hu\/wp-content\/uploads\/BRSE_2025_Roplabda-szakmai-folyoirat-III_A4_28-45.pdf\">Toma S\u00e1ndor: Sport\u00e1gi elm\u00e9let &#8211; U12-es koroszt\u00e1ly<\/a><\/p>\n<p><a href=\"https:\/\/hunvolley.hu\/wp-content\/uploads\/BRSE_2025_Roplabda-szakmai-folyoirat-III_A4_46-50.pdf\">Kert\u00e9sz R\u00f3bert interj\u00fa<\/a><\/p>\n<p><a href=\"https:\/\/hunvolley.hu\/wp-content\/uploads\/BRSE_2025-Roplabda-szakmai-folyoirat-II_A4_Birone-Ilics-Katalin.pdf\"><\/a><\/p>\n<p>[\/et_pb_text][\/et_pb_column][\/et_pb_row][et_pb_row _builder_version=&#8221;4.27.2&#8243; _module_preset=&#8221;default&#8221; global_colors_info=&#8221;{}&#8221;][et_pb_column type=&#8221;4_4&#8243; _builder_version=&#8221;4.27.2&#8243; _module_preset=&#8221;default&#8221; global_colors_info=&#8221;{}&#8221;][et_pb_image src=&#8221;https:\/\/hunvolley.hu\/wp-content\/uploads\/RSMK_col_2160px-1.jpg&#8221; title_text=&#8221;RSMK_col_2160px (1)&#8221; _builder_version=&#8221;4.27.2&#8243; _module_preset=&#8221;default&#8221; width=&#8221;50%&#8221; module_alignment=&#8221;center&#8221; custom_margin=&#8221;||-150px||false|false&#8221; global_colors_info=&#8221;{}&#8221;][\/et_pb_image][\/et_pb_column][\/et_pb_row][\/et_pb_section]<\/p>\n","protected":false},"excerpt":{"rendered":"<p>&nbsp; Szakmai foly\u00f3iratA Magyar R\u00f6plabda Sz\u00f6vets\u00e9g eln\u00f6ks\u00e9ge, 2023. december\u00e9ben hat\u00e1rozott arr\u00f3l, hogy \u00e9letre h\u00edvja a R\u00f6plabda Specifikus M\u00f3dszertani K\u00f6zpontot, mellyel kapcsolatos feladatok ell\u00e1t\u00e1s\u00e1t a B\u00e9k\u00e9scsabai R\u00f6plabda Akad\u00e9mi\u00e1ra b\u00edzta. A r\u00e1nk [&hellip;]<\/p>\n","protected":false},"author":8,"featured_media":0,"parent":0,"menu_order":0,"comment_status":"closed","ping_status":"closed","template":"","meta":{"_acf_changed":false,"_et_pb_use_builder":"on","_et_pb_old_content":"","_et_gb_content_width":"","footnotes":""},"class_list":["post-76639","page","type-page","status-publish","hentry"],"acf":[],"_links":{"self":[{"href":"https:\/\/hunvolley.hu\/index.php\/wp-json\/wp\/v2\/pages\/76639","targetHints":{"allow":["GET"]}}],"collection":[{"href":"https:\/\/hunvolley.hu\/index.php\/wp-json\/wp\/v2\/pages"}],"about":[{"href":"https:\/\/hunvolley.hu\/index.php\/wp-json\/wp\/v2\/types\/page"}],"author":[{"embeddable":true,"href":"https:\/\/hunvolley.hu\/index.php\/wp-json\/wp\/v2\/users\/8"}],"replies":[{"embeddable":true,"href":"https:\/\/hunvolley.hu\/index.php\/wp-json\/wp\/v2\/comments?post=76639"}],"version-history":[{"count":25,"href":"https:\/\/hunvolley.hu\/index.php\/wp-json\/wp\/v2\/pages\/76639\/revisions"}],"predecessor-version":[{"id":84491,"href":"https:\/\/hunvolley.hu\/index.php\/wp-json\/wp\/v2\/pages\/76639\/revisions\/84491"}],"wp:attachment":[{"href":"https:\/\/hunvolley.hu\/index.php\/wp-json\/wp\/v2\/media?parent=76639"}],"curies":[{"name":"wp","href":"https:\/\/api.w.org\/{rel}","templated":true}]}}