{"id":76604,"date":"2024-10-25T12:26:39","date_gmt":"2024-10-25T10:26:39","guid":{"rendered":"https:\/\/hunvolley.hu\/?page_id=76604"},"modified":"2024-11-04T16:10:15","modified_gmt":"2024-11-04T15:10:15","slug":"modszertani-kozpont-hirek","status":"publish","type":"page","link":"https:\/\/hunvolley.hu\/index.php\/modszertani-kozpont-hirek\/","title":{"rendered":"M\u00f3dszertani K\u00f6zpont &#8211; H\u00edrek"},"content":{"rendered":"<p>[et_pb_section fb_built=&#8221;1&#8243; _builder_version=&#8221;4.27.2&#8243; _module_preset=&#8221;default&#8221; background_color=&#8221;RGBA(255,255,255,0)&#8221; use_background_color_gradient=&#8221;on&#8221; background_color_gradient_stops=&#8221;rgba(0,0,0,0.8) 0%|rgba(0,0,0,0.8) 90%&#8221; background_image=&#8221;https:\/\/hunvolley.hu\/wp-content\/uploads\/MI_0488-Enhanced-NR-1-scaled.jpg&#8221; background_blend=&#8221;overlay&#8221; global_colors_info=&#8221;{}&#8221;][et_pb_row _builder_version=&#8221;4.23.1&#8243; _module_preset=&#8221;default&#8221; custom_padding=&#8221;150px||||false|false&#8221; global_colors_info=&#8221;{}&#8221;][et_pb_column type=&#8221;4_4&#8243; _builder_version=&#8221;4.23.1&#8243; _module_preset=&#8221;default&#8221; global_colors_info=&#8221;{}&#8221;][et_pb_text _builder_version=&#8221;4.23.1&#8243; _module_preset=&#8221;default&#8221; text_font=&#8221;|600|||||||&#8221; text_text_color=&#8221;#FFFFFF&#8221; header_font=&#8221;|600|||||||&#8221; header_text_color=&#8221;#FFFFFF&#8221; header_line_height=&#8221;1.4em&#8221; custom_margin=&#8221;||0px||false|false&#8221; custom_padding=&#8221;||||false|false&#8221; global_colors_info=&#8221;{}&#8221;]<\/p>\n<p>&nbsp;<\/p>\n<h1>H\u00edrek<\/h1>\n<p>[\/et_pb_text][\/et_pb_column][\/et_pb_row][\/et_pb_section][et_pb_section fb_built=&#8221;1&#8243; disabled_on=&#8221;off|off|off&#8221; _builder_version=&#8221;4.27.2&#8243; _module_preset=&#8221;default&#8221; global_colors_info=&#8221;{}&#8221;][et_pb_row column_structure=&#8221;1_2,1_2&#8243; use_custom_gutter=&#8221;on&#8221; gutter_width=&#8221;2&#8243; disabled_on=&#8221;off|off|off&#8221; _builder_version=&#8221;4.27.2&#8243; _module_preset=&#8221;default&#8221; z_index=&#8221;1&#8243; custom_margin=&#8221;||0px||false|false&#8221; custom_padding=&#8221;||0px|||&#8221; global_colors_info=&#8221;{}&#8221;][et_pb_column type=&#8221;1_2&#8243; _builder_version=&#8221;4.23.1&#8243; _module_preset=&#8221;default&#8221; custom_css_main_element=&#8221;margin: auto;&#8221; global_colors_info=&#8221;{}&#8221;][et_pb_blog fullwidth=&#8221;off&#8221; posts_number=&#8221;1&#8243; include_categories=&#8221;135&#8243; meta_date=&#8221;Y.M.j.&#8221; excerpt_length=&#8221;50&#8243; show_author=&#8221;off&#8221; show_categories=&#8221;off&#8221; show_pagination=&#8221;off&#8221; module_class=&#8221;at-post-title&#8221; _builder_version=&#8221;4.27.2&#8243; _module_preset=&#8221;default&#8221; header_level=&#8221;h3&#8243; header_text_color=&#8221;#1e1e1e&#8221; header_font_size=&#8221;24px&#8221; header_line_height=&#8221;1.4em&#8221; body_text_color=&#8221;#1e1e1e&#8221; meta_text_color=&#8221;#0F628A&#8221; meta_font_size=&#8221;12px&#8221; background_enable_color=&#8221;off&#8221; custom_padding=&#8221;||||false|false&#8221; custom_css_title=&#8221;padding: 0px 24px 12px 24px&#8221; custom_css_content=&#8221;padding: 0px 24px 14px 24px&#8221; custom_css_post_meta=&#8221;padding: 0px 24px 12px 24px&#8221; border_radii=&#8221;on|24px|24px|24px|24px&#8221; border_width_all=&#8221;0px&#8221; border_color_all_fullwidth=&#8221;RGBA(255,255,255,0)&#8221; border_radii_image=&#8221;on|24px|24px|24px|24px&#8221; box_shadow_style=&#8221;preset1&#8243; box_shadow_horizontal=&#8221;10px&#8221; box_shadow_vertical=&#8221;10px&#8221; box_shadow_blur=&#8221;30px&#8221; box_shadow_color=&#8221;rgba(15,98,138,0.15)&#8221; global_colors_info=&#8221;{}&#8221;][\/et_pb_blog][\/et_pb_column][et_pb_column type=&#8221;1_2&#8243; _builder_version=&#8221;4.23.1&#8243; _module_preset=&#8221;default&#8221; custom_css_main_element=&#8221;margin: auto;&#8221; global_colors_info=&#8221;{}&#8221;][et_pb_blog fullwidth=&#8221;off&#8221; posts_number=&#8221;1&#8243; include_categories=&#8221;135&#8243; meta_date=&#8221;Y.M.j.&#8221; excerpt_length=&#8221;50&#8243; show_author=&#8221;off&#8221; show_categories=&#8221;off&#8221; show_pagination=&#8221;off&#8221; offset_number=&#8221;1&#8243; module_class=&#8221;at-post-title&#8221; _builder_version=&#8221;4.27.2&#8243; _module_preset=&#8221;default&#8221; header_level=&#8221;h3&#8243; header_text_color=&#8221;#1e1e1e&#8221; header_font_size=&#8221;24px&#8221; header_line_height=&#8221;1.4em&#8221; body_text_color=&#8221;#1e1e1e&#8221; meta_text_color=&#8221;#0F628A&#8221; meta_font_size=&#8221;12px&#8221; background_enable_color=&#8221;off&#8221; custom_padding=&#8221;||||false|false&#8221; custom_css_title=&#8221;\tpadding: 0px 24px 12px 24px;||&#8221; custom_css_content=&#8221;padding: 0px 24px 14px 24px;&#8221; custom_css_post_meta=&#8221;padding: 0px 24px 12px 24px;&#8221; border_radii=&#8221;on|24px|24px|24px|24px&#8221; border_width_all=&#8221;0px&#8221; border_color_all_fullwidth=&#8221;RGBA(255,255,255,0)&#8221; border_radii_image=&#8221;on|24px|24px|24px|24px&#8221; box_shadow_style=&#8221;preset1&#8243; box_shadow_horizontal=&#8221;10px&#8221; box_shadow_vertical=&#8221;10px&#8221; box_shadow_blur=&#8221;30px&#8221; box_shadow_color=&#8221;rgba(15,98,138,0.15)&#8221; locked=&#8221;off&#8221; global_colors_info=&#8221;{}&#8221;][\/et_pb_blog][\/et_pb_column][\/et_pb_row][et_pb_row column_structure=&#8221;1_4,1_4,1_4,1_4&#8243; use_custom_gutter=&#8221;on&#8221; gutter_width=&#8221;2&#8243; make_equal=&#8221;on&#8221; disabled_on=&#8221;off|off|off&#8221; _builder_version=&#8221;4.27.2&#8243; _module_preset=&#8221;default&#8221; custom_margin=&#8221;||0px||false|false&#8221; custom_padding=&#8221;||0px|||&#8221; global_colors_info=&#8221;{}&#8221;][et_pb_column type=&#8221;1_4&#8243; _builder_version=&#8221;4.23.1&#8243; _module_preset=&#8221;default&#8221; custom_css_main_element=&#8221;margin: auto;&#8221; global_colors_info=&#8221;{}&#8221;][et_pb_blog fullwidth=&#8221;off&#8221; posts_number=&#8221;1&#8243; include_categories=&#8221;135&#8243; meta_date=&#8221;Y.M.j.&#8221; excerpt_length=&#8221;50&#8243; show_author=&#8221;off&#8221; show_categories=&#8221;off&#8221; show_pagination=&#8221;off&#8221; offset_number=&#8221;2&#8243; module_class=&#8221;at-post-title&#8221; _builder_version=&#8221;4.27.2&#8243; _module_preset=&#8221;default&#8221; header_level=&#8221;h3&#8243; header_text_color=&#8221;#1e1e1e&#8221; header_font_size=&#8221;24px&#8221; header_line_height=&#8221;1.4em&#8221; body_text_color=&#8221;#1e1e1e&#8221; meta_text_color=&#8221;#0F628A&#8221; meta_font_size=&#8221;12px&#8221; background_enable_color=&#8221;off&#8221; custom_margin=&#8221;||5px|||&#8221; custom_padding=&#8221;||||false|false&#8221; custom_css_title=&#8221;padding: 0px 24px 12px 24px&#8221; custom_css_content=&#8221;padding: 0px 24px 14px 24px&#8221; custom_css_post_meta=&#8221;padding: 0px 24px 12px 24px&#8221; border_radii=&#8221;on|24px|24px|24px|24px&#8221; border_width_all=&#8221;0px&#8221; border_color_all_fullwidth=&#8221;RGBA(255,255,255,0)&#8221; border_radii_image=&#8221;on|24px|24px|24px|24px&#8221; box_shadow_style=&#8221;preset1&#8243; box_shadow_horizontal=&#8221;10px&#8221; box_shadow_vertical=&#8221;10px&#8221; box_shadow_blur=&#8221;30px&#8221; box_shadow_color=&#8221;rgba(15,98,138,0.15)&#8221; locked=&#8221;off&#8221; global_colors_info=&#8221;{}&#8221;][\/et_pb_blog][\/et_pb_column][et_pb_column type=&#8221;1_4&#8243; _builder_version=&#8221;4.23.1&#8243; _module_preset=&#8221;default&#8221; custom_css_main_element=&#8221;margin: auto;&#8221; global_colors_info=&#8221;{}&#8221;][et_pb_blog fullwidth=&#8221;off&#8221; posts_number=&#8221;1&#8243; include_categories=&#8221;135&#8243; meta_date=&#8221;Y.M.j.&#8221; excerpt_length=&#8221;50&#8243; show_author=&#8221;off&#8221; show_categories=&#8221;off&#8221; show_pagination=&#8221;off&#8221; offset_number=&#8221;3&#8243; module_class=&#8221;at-post-title&#8221; _builder_version=&#8221;4.27.2&#8243; _module_preset=&#8221;default&#8221; header_level=&#8221;h3&#8243; header_text_color=&#8221;#1e1e1e&#8221; header_font_size=&#8221;24px&#8221; header_line_height=&#8221;1.4em&#8221; body_text_color=&#8221;#1e1e1e&#8221; meta_text_color=&#8221;#0F628A&#8221; meta_font_size=&#8221;12px&#8221; background_enable_color=&#8221;off&#8221; custom_padding=&#8221;||||false|false&#8221; custom_css_title=&#8221;padding: 0px 24px 12px 24px&#8221; custom_css_content=&#8221;padding: 0px 24px 14px 24px&#8221; custom_css_post_meta=&#8221;padding: 0px 24px 12px 24px&#8221; border_radii=&#8221;on|24px|24px|24px|24px&#8221; border_width_all=&#8221;0px&#8221; border_color_all_fullwidth=&#8221;RGBA(255,255,255,0)&#8221; border_radii_image=&#8221;on|24px|24px|24px|24px&#8221; box_shadow_style=&#8221;preset1&#8243; box_shadow_horizontal=&#8221;10px&#8221; box_shadow_vertical=&#8221;10px&#8221; box_shadow_blur=&#8221;30px&#8221; box_shadow_color=&#8221;rgba(15,98,138,0.15)&#8221; locked=&#8221;off&#8221; global_colors_info=&#8221;{}&#8221;][\/et_pb_blog][\/et_pb_column][et_pb_column type=&#8221;1_4&#8243; _builder_version=&#8221;4.23.1&#8243; _module_preset=&#8221;default&#8221; custom_css_main_element=&#8221;margin: auto;&#8221; global_colors_info=&#8221;{}&#8221;][et_pb_blog fullwidth=&#8221;off&#8221; posts_number=&#8221;1&#8243; include_categories=&#8221;135&#8243; meta_date=&#8221;Y.M.j.&#8221; excerpt_length=&#8221;50&#8243; show_author=&#8221;off&#8221; show_categories=&#8221;off&#8221; show_pagination=&#8221;off&#8221; offset_number=&#8221;4&#8243; module_class=&#8221;at-post-title&#8221; _builder_version=&#8221;4.27.2&#8243; _module_preset=&#8221;default&#8221; header_level=&#8221;h3&#8243; header_text_color=&#8221;#1e1e1e&#8221; header_font_size=&#8221;24px&#8221; header_line_height=&#8221;1.4em&#8221; body_text_color=&#8221;#1e1e1e&#8221; meta_text_color=&#8221;#0F628A&#8221; meta_font_size=&#8221;12px&#8221; background_enable_color=&#8221;off&#8221; custom_padding=&#8221;||||false|false&#8221; custom_css_title=&#8221;padding: 0px 24px 12px 24px&#8221; custom_css_content=&#8221;padding: 0px 24px 14px 24px&#8221; custom_css_post_meta=&#8221;padding: 0px 24px 12px 24px&#8221; border_radii=&#8221;on|24px|24px|24px|24px&#8221; border_width_all=&#8221;0px&#8221; border_color_all_fullwidth=&#8221;RGBA(255,255,255,0)&#8221; border_radii_image=&#8221;on|24px|24px|24px|24px&#8221; box_shadow_style=&#8221;preset1&#8243; box_shadow_horizontal=&#8221;10px&#8221; box_shadow_vertical=&#8221;10px&#8221; box_shadow_blur=&#8221;30px&#8221; box_shadow_color=&#8221;rgba(15,98,138,0.15)&#8221; locked=&#8221;off&#8221; global_colors_info=&#8221;{}&#8221;][\/et_pb_blog][\/et_pb_column][et_pb_column type=&#8221;1_4&#8243; _builder_version=&#8221;4.23.1&#8243; _module_preset=&#8221;default&#8221; custom_css_main_element=&#8221;margin: auto;&#8221; global_colors_info=&#8221;{}&#8221;][et_pb_blog fullwidth=&#8221;off&#8221; posts_number=&#8221;1&#8243; include_categories=&#8221;135&#8243; meta_date=&#8221;Y.M.j.&#8221; excerpt_length=&#8221;50&#8243; show_author=&#8221;off&#8221; show_categories=&#8221;off&#8221; show_pagination=&#8221;off&#8221; offset_number=&#8221;5&#8243; module_class=&#8221;at-post-title&#8221; _builder_version=&#8221;4.27.2&#8243; _module_preset=&#8221;default&#8221; header_level=&#8221;h3&#8243; header_text_color=&#8221;#1e1e1e&#8221; header_font_size=&#8221;24px&#8221; header_line_height=&#8221;1.4em&#8221; body_text_color=&#8221;#1e1e1e&#8221; meta_text_color=&#8221;#0F628A&#8221; meta_font_size=&#8221;12px&#8221; background_enable_color=&#8221;off&#8221; custom_padding=&#8221;||||false|false&#8221; custom_css_title=&#8221;padding: 0px 24px 12px 24px&#8221; custom_css_content=&#8221;padding: 0px 24px 14px 24px&#8221; custom_css_post_meta=&#8221;padding: 0px 24px 12px 24px&#8221; border_radii=&#8221;on|24px|24px|24px|24px&#8221; border_width_all=&#8221;0px&#8221; border_color_all_fullwidth=&#8221;RGBA(255,255,255,0)&#8221; border_radii_image=&#8221;on|24px|24px|24px|24px&#8221; box_shadow_style=&#8221;preset1&#8243; box_shadow_horizontal=&#8221;10px&#8221; box_shadow_vertical=&#8221;10px&#8221; box_shadow_blur=&#8221;30px&#8221; box_shadow_color=&#8221;rgba(15,98,138,0.15)&#8221; locked=&#8221;off&#8221; global_colors_info=&#8221;{}&#8221;][\/et_pb_blog][\/et_pb_column][\/et_pb_row][et_pb_row column_structure=&#8221;1_2,1_2&#8243; use_custom_gutter=&#8221;on&#8221; gutter_width=&#8221;2&#8243; make_equal=&#8221;on&#8221; disabled_on=&#8221;off|off|off&#8221; _builder_version=&#8221;4.27.2&#8243; _module_preset=&#8221;default&#8221; custom_margin=&#8221;||0px||false|false&#8221; custom_padding=&#8221;||0px|||&#8221; custom_css_main_element=&#8221;margin: auto;&#8221; global_colors_info=&#8221;{}&#8221;][et_pb_column type=&#8221;1_2&#8243; _builder_version=&#8221;4.23.1&#8243; _module_preset=&#8221;default&#8221; custom_css_main_element=&#8221;margin: auto;&#8221; global_colors_info=&#8221;{}&#8221;][et_pb_blog fullwidth=&#8221;off&#8221; posts_number=&#8221;2&#8243; include_categories=&#8221;135&#8243; meta_date=&#8221;Y.M.j.&#8221; excerpt_length=&#8221;300&#8243; show_author=&#8221;off&#8221; show_categories=&#8221;off&#8221; show_pagination=&#8221;off&#8221; offset_number=&#8221;6&#8243; disabled_on=&#8221;off|off|off&#8221; module_class=&#8221;at-post-title&#8221; _builder_version=&#8221;4.27.2&#8243; _module_preset=&#8221;default&#8221; header_level=&#8221;h3&#8243; header_text_color=&#8221;#1e1e1e&#8221; header_font_size=&#8221;24px&#8221; header_line_height=&#8221;1.4em&#8221; body_text_color=&#8221;#1e1e1e&#8221; meta_text_color=&#8221;#0F628A&#8221; meta_font_size=&#8221;12px&#8221; background_enable_color=&#8221;off&#8221; custom_padding=&#8221;||||false|false&#8221; custom_css_main_element=&#8221;column-count: 2;||column-gap: 24px;&#8221; custom_css_title=&#8221;padding: 0px 24px 12px 24px;&#8221; custom_css_content=&#8221;padding: 0px 24px 14px 24px;||&#8221; custom_css_post_meta=&#8221;padding: 0px 24px 12px 24px;&#8221; border_radii=&#8221;on|24px|24px|24px|24px&#8221; border_width_all=&#8221;0px&#8221; border_color_all_fullwidth=&#8221;RGBA(255,255,255,0)&#8221; border_radii_image=&#8221;on|24px|24px|24px|24px&#8221; box_shadow_style=&#8221;preset1&#8243; box_shadow_horizontal=&#8221;10px&#8221; box_shadow_vertical=&#8221;10px&#8221; box_shadow_blur=&#8221;30px&#8221; box_shadow_color=&#8221;rgba(15,98,138,0.15)&#8221; locked=&#8221;off&#8221; global_colors_info=&#8221;{}&#8221;][\/et_pb_blog][\/et_pb_column][et_pb_column type=&#8221;1_2&#8243; _builder_version=&#8221;4.23.1&#8243; _module_preset=&#8221;default&#8221; custom_css_main_element=&#8221;margin: auto;&#8221; global_colors_info=&#8221;{}&#8221;][et_pb_blog fullwidth=&#8221;off&#8221; posts_number=&#8221;1&#8243; include_categories=&#8221;135&#8243; meta_date=&#8221;Y.M.j.&#8221; excerpt_length=&#8221;200&#8243; show_author=&#8221;off&#8221; show_categories=&#8221;off&#8221; show_pagination=&#8221;off&#8221; offset_number=&#8221;9&#8243; module_class=&#8221;at-post-title&#8221; _builder_version=&#8221;4.27.2&#8243; _module_preset=&#8221;default&#8221; header_level=&#8221;h3&#8243; header_text_color=&#8221;#1e1e1e&#8221; header_font_size=&#8221;24px&#8221; header_line_height=&#8221;1.4em&#8221; body_text_color=&#8221;#1e1e1e&#8221; meta_text_color=&#8221;#0F628A&#8221; meta_font_size=&#8221;12px&#8221; background_enable_color=&#8221;off&#8221; custom_padding=&#8221;||||false|false&#8221; custom_css_title=&#8221;padding: 0px 24px 12px 24px&#8221; custom_css_content=&#8221;padding: 0px 24px 14px 24px&#8221; custom_css_post_meta=&#8221;padding: 0px 24px 12px 24px&#8221; border_radii=&#8221;on|24px|24px|24px|24px&#8221; border_width_all=&#8221;0px&#8221; border_color_all_fullwidth=&#8221;RGBA(255,255,255,0)&#8221; border_radii_image=&#8221;on|24px|24px|24px|24px&#8221; box_shadow_style=&#8221;preset1&#8243; box_shadow_horizontal=&#8221;10px&#8221; box_shadow_vertical=&#8221;10px&#8221; box_shadow_blur=&#8221;30px&#8221; box_shadow_color=&#8221;rgba(15,98,138,0.15)&#8221; locked=&#8221;off&#8221; global_colors_info=&#8221;{}&#8221;][\/et_pb_blog][\/et_pb_column][\/et_pb_row][et_pb_row column_structure=&#8221;1_3,1_3,1_3&#8243; disabled_on=&#8221;on|on|on&#8221; _builder_version=&#8221;4.27.2&#8243; _module_preset=&#8221;default&#8221; disabled=&#8221;on&#8221; global_colors_info=&#8221;{}&#8221;][et_pb_column type=&#8221;1_3&#8243; _builder_version=&#8221;4.27.2&#8243; _module_preset=&#8221;default&#8221; global_colors_info=&#8221;{}&#8221;][et_pb_blog fullwidth=&#8221;off&#8221; posts_number=&#8221;1&#8243; include_categories=&#8221;135&#8243; meta_date=&#8221;Y.M.j.&#8221; excerpt_length=&#8221;50&#8243; show_author=&#8221;off&#8221; show_categories=&#8221;off&#8221; show_pagination=&#8221;off&#8221; offset_number=&#8221;2&#8243; module_class=&#8221;at-post-title&#8221; _builder_version=&#8221;4.27.2&#8243; _module_preset=&#8221;default&#8221; header_level=&#8221;h3&#8243; header_text_color=&#8221;#1e1e1e&#8221; header_font_size=&#8221;24px&#8221; header_line_height=&#8221;1.4em&#8221; body_text_color=&#8221;#1e1e1e&#8221; meta_text_color=&#8221;#0F628A&#8221; meta_font_size=&#8221;12px&#8221; background_enable_color=&#8221;off&#8221; custom_margin=&#8221;||5px|||&#8221; custom_padding=&#8221;||||false|false&#8221; custom_css_title=&#8221;padding: 0px 24px 12px 24px&#8221; custom_css_content=&#8221;padding: 0px 24px 14px 24px&#8221; custom_css_post_meta=&#8221;padding: 0px 24px 12px 24px&#8221; border_radii=&#8221;on|24px|24px|24px|24px&#8221; border_width_all=&#8221;0px&#8221; border_color_all_fullwidth=&#8221;RGBA(255,255,255,0)&#8221; border_radii_image=&#8221;on|24px|24px|24px|24px&#8221; box_shadow_style=&#8221;preset1&#8243; box_shadow_horizontal=&#8221;10px&#8221; box_shadow_vertical=&#8221;10px&#8221; box_shadow_blur=&#8221;30px&#8221; box_shadow_color=&#8221;rgba(15,98,138,0.15)&#8221; locked=&#8221;off&#8221; global_colors_info=&#8221;{}&#8221;][\/et_pb_blog][\/et_pb_column][et_pb_column type=&#8221;1_3&#8243; _builder_version=&#8221;4.27.2&#8243; _module_preset=&#8221;default&#8221; global_colors_info=&#8221;{}&#8221;][et_pb_blog fullwidth=&#8221;off&#8221; posts_number=&#8221;1&#8243; include_categories=&#8221;135&#8243; meta_date=&#8221;Y.M.j.&#8221; excerpt_length=&#8221;50&#8243; show_author=&#8221;off&#8221; show_categories=&#8221;off&#8221; show_pagination=&#8221;off&#8221; offset_number=&#8221;2&#8243; module_class=&#8221;at-post-title&#8221; _builder_version=&#8221;4.27.2&#8243; _module_preset=&#8221;default&#8221; header_level=&#8221;h3&#8243; header_text_color=&#8221;#1e1e1e&#8221; header_font_size=&#8221;24px&#8221; header_line_height=&#8221;1.4em&#8221; body_text_color=&#8221;#1e1e1e&#8221; meta_text_color=&#8221;#0F628A&#8221; meta_font_size=&#8221;12px&#8221; background_enable_color=&#8221;off&#8221; custom_margin=&#8221;||5px|||&#8221; custom_padding=&#8221;||||false|false&#8221; custom_css_title=&#8221;padding: 0px 24px 12px 24px&#8221; custom_css_content=&#8221;padding: 0px 24px 14px 24px&#8221; custom_css_post_meta=&#8221;padding: 0px 24px 12px 24px&#8221; border_radii=&#8221;on|24px|24px|24px|24px&#8221; border_width_all=&#8221;0px&#8221; border_color_all_fullwidth=&#8221;RGBA(255,255,255,0)&#8221; border_radii_image=&#8221;on|24px|24px|24px|24px&#8221; box_shadow_style=&#8221;preset1&#8243; box_shadow_horizontal=&#8221;10px&#8221; box_shadow_vertical=&#8221;10px&#8221; box_shadow_blur=&#8221;30px&#8221; box_shadow_color=&#8221;rgba(15,98,138,0.15)&#8221; locked=&#8221;off&#8221; global_colors_info=&#8221;{}&#8221;][\/et_pb_blog][\/et_pb_column][et_pb_column type=&#8221;1_3&#8243; _builder_version=&#8221;4.27.2&#8243; _module_preset=&#8221;default&#8221; global_colors_info=&#8221;{}&#8221;][et_pb_blog fullwidth=&#8221;off&#8221; posts_number=&#8221;1&#8243; include_categories=&#8221;135&#8243; meta_date=&#8221;Y.M.j.&#8221; excerpt_length=&#8221;50&#8243; show_author=&#8221;off&#8221; show_categories=&#8221;off&#8221; show_pagination=&#8221;off&#8221; offset_number=&#8221;2&#8243; module_class=&#8221;at-post-title&#8221; _builder_version=&#8221;4.27.2&#8243; _module_preset=&#8221;default&#8221; header_level=&#8221;h3&#8243; header_text_color=&#8221;#1e1e1e&#8221; header_font_size=&#8221;24px&#8221; header_line_height=&#8221;1.4em&#8221; body_text_color=&#8221;#1e1e1e&#8221; meta_text_color=&#8221;#0F628A&#8221; meta_font_size=&#8221;12px&#8221; background_enable_color=&#8221;off&#8221; custom_margin=&#8221;||5px|||&#8221; custom_padding=&#8221;||||false|false&#8221; custom_css_title=&#8221;padding: 0px 24px 12px 24px&#8221; custom_css_content=&#8221;padding: 0px 24px 14px 24px&#8221; custom_css_post_meta=&#8221;padding: 0px 24px 12px 24px&#8221; border_radii=&#8221;on|24px|24px|24px|24px&#8221; border_width_all=&#8221;0px&#8221; border_color_all_fullwidth=&#8221;RGBA(255,255,255,0)&#8221; border_radii_image=&#8221;on|24px|24px|24px|24px&#8221; box_shadow_style=&#8221;preset1&#8243; box_shadow_horizontal=&#8221;10px&#8221; box_shadow_vertical=&#8221;10px&#8221; box_shadow_blur=&#8221;30px&#8221; box_shadow_color=&#8221;rgba(15,98,138,0.15)&#8221; locked=&#8221;off&#8221; global_colors_info=&#8221;{}&#8221;][\/et_pb_blog][\/et_pb_column][\/et_pb_row][et_pb_row _builder_version=&#8221;4.27.2&#8243; _module_preset=&#8221;default&#8221; global_colors_info=&#8221;{}&#8221; theme_builder_area=&#8221;post_content&#8221;][et_pb_column type=&#8221;4_4&#8243; _builder_version=&#8221;4.27.2&#8243; _module_preset=&#8221;default&#8221; global_colors_info=&#8221;{}&#8221; theme_builder_area=&#8221;post_content&#8221;][et_pb_image src=&#8221;https:\/\/hunvolley.hu\/wp-content\/uploads\/RSMK_col_2160px-1.jpg&#8221; title_text=&#8221;RSMK_col_2160px (1)&#8221; _builder_version=&#8221;4.27.2&#8243; _module_preset=&#8221;default&#8221; width=&#8221;50%&#8221; module_alignment=&#8221;center&#8221; custom_margin=&#8221;||-150px||false|false&#8221; global_colors_info=&#8221;{}&#8221; theme_builder_area=&#8221;post_content&#8221;][\/et_pb_image][\/et_pb_column][\/et_pb_row][\/et_pb_section]<\/p>\n","protected":false},"excerpt":{"rendered":"<p>&nbsp; H\u00edrek<\/p>\n","protected":false},"author":8,"featured_media":0,"parent":0,"menu_order":0,"comment_status":"closed","ping_status":"closed","template":"","meta":{"_acf_changed":false,"_et_pb_use_builder":"on","_et_pb_old_content":"","_et_gb_content_width":"","footnotes":""},"class_list":["post-76604","page","type-page","status-publish","hentry"],"acf":[],"_links":{"self":[{"href":"https:\/\/hunvolley.hu\/index.php\/wp-json\/wp\/v2\/pages\/76604","targetHints":{"allow":["GET"]}}],"collection":[{"href":"https:\/\/hunvolley.hu\/index.php\/wp-json\/wp\/v2\/pages"}],"about":[{"href":"https:\/\/hunvolley.hu\/index.php\/wp-json\/wp\/v2\/types\/page"}],"author":[{"embeddable":true,"href":"https:\/\/hunvolley.hu\/index.php\/wp-json\/wp\/v2\/users\/8"}],"replies":[{"embeddable":true,"href":"https:\/\/hunvolley.hu\/index.php\/wp-json\/wp\/v2\/comments?post=76604"}],"version-history":[{"count":15,"href":"https:\/\/hunvolley.hu\/index.php\/wp-json\/wp\/v2\/pages\/76604\/revisions"}],"predecessor-version":[{"id":76973,"href":"https:\/\/hunvolley.hu\/index.php\/wp-json\/wp\/v2\/pages\/76604\/revisions\/76973"}],"wp:attachment":[{"href":"https:\/\/hunvolley.hu\/index.php\/wp-json\/wp\/v2\/media?parent=76604"}],"curies":[{"name":"wp","href":"https:\/\/api.w.org\/{rel}","templated":true}]}}