{"id":76435,"date":"2024-10-22T10:27:57","date_gmt":"2024-10-22T08:27:57","guid":{"rendered":"https:\/\/hunvolley.hu\/?page_id=76435"},"modified":"2024-11-04T15:57:38","modified_gmt":"2024-11-04T14:57:38","slug":"bemutatkozas","status":"publish","type":"page","link":"https:\/\/hunvolley.hu\/index.php\/bemutatkozas\/","title":{"rendered":"Bemutatkoz\u00e1s"},"content":{"rendered":"<p>[et_pb_section fb_built=&#8221;1&#8243; _builder_version=&#8221;4.27.2&#8243; _module_preset=&#8221;default&#8221; background_color=&#8221;RGBA(255,255,255,0)&#8221; use_background_color_gradient=&#8221;on&#8221; background_color_gradient_stops=&#8221;rgba(0,0,0,0.8) 0%|rgba(0,0,0,0.8) 90%&#8221; background_image=&#8221;https:\/\/hunvolley.hu\/wp-content\/uploads\/MR30649-scaled.jpg&#8221; background_blend=&#8221;overlay&#8221; hover_enabled=&#8221;0&#8243; global_colors_info=&#8221;{}&#8221; title_text=&#8221;MR30649&#8243; sticky_enabled=&#8221;0&#8243;][et_pb_row _builder_version=&#8221;4.23.1&#8243; _module_preset=&#8221;default&#8221; custom_padding=&#8221;150px||||false|false&#8221; global_colors_info=&#8221;{}&#8221;][et_pb_column type=&#8221;4_4&#8243; _builder_version=&#8221;4.23.1&#8243; _module_preset=&#8221;default&#8221; global_colors_info=&#8221;{}&#8221;][et_pb_text _builder_version=&#8221;4.24.2&#8243; _module_preset=&#8221;default&#8221; text_font=&#8221;|600|||||||&#8221; text_text_color=&#8221;#FFFFFF&#8221; header_font=&#8221;|600|||||||&#8221; header_text_color=&#8221;#FFFFFF&#8221; header_line_height=&#8221;1.4em&#8221; custom_margin=&#8221;||0px||false|false&#8221; custom_padding=&#8221;||||false|false&#8221; header_font_size_tablet=&#8221;&#8221; header_font_size_phone=&#8221;32px&#8221; header_font_size_last_edited=&#8221;on|desktop&#8221; global_colors_info=&#8221;{}&#8221;]<\/p>\n<p>&nbsp;<\/p>\n<h1>Bemutatkoz\u00e1s<\/h1>\n<p>[\/et_pb_text][\/et_pb_column][\/et_pb_row][\/et_pb_section][et_pb_section fb_built=&#8221;1&#8243; module_id=&#8221;allas&#8221; _builder_version=&#8221;4.23.1&#8243; _module_preset=&#8221;default&#8221; global_colors_info=&#8221;{}&#8221;][et_pb_row disabled_on=&#8221;off|off|off&#8221; module_id=&#8221;at-horizontal-line&#8221; _builder_version=&#8221;4.24.2&#8243; _module_preset=&#8221;default&#8221; positioning=&#8221;none&#8221; position_origin_a=&#8221;bottom_right&#8221; vertical_offset=&#8221;36%&#8221; horizontal_offset=&#8221;-20%&#8221; global_colors_info=&#8221;{}&#8221;][et_pb_column type=&#8221;4_4&#8243; _builder_version=&#8221;4.23.1&#8243; _module_preset=&#8221;default&#8221; global_colors_info=&#8221;{}&#8221;][et_pb_text _builder_version=&#8221;4.27.2&#8243; _module_preset=&#8221;default&#8221; global_colors_info=&#8221;{}&#8221;]<\/p>\n<p class=\"x_MsoNormal\"><b><span data-olk-copy-source=\"MessageBody\">HISZ\u00dcNK A K\u00dcLDET\u00c9S SIKER\u00c9BEN<\/span><\/b><span><\/span><\/p>\n<p class=\"x_MsoNormal\"><span>A Magyar R\u00f6plabda Sz\u00f6vets\u00e9g eln\u00f6ks\u00e9ge, 2023. december\u00e9ben hat\u00e1rozott arr\u00f3l, hogy \u00e9letre h\u00edvja a R\u00f6plabda Specifikus M\u00f3dszertani K\u00f6zpontot, mellyel kapcsolatos feladatok ell\u00e1t\u00e1s\u00e1t a B\u00e9k\u00e9scsabai R\u00f6plabda Akad\u00e9mi\u00e1ra b\u00edzta.<\/span><\/p>\n<p class=\"x_MsoNormal\"><span>A M\u00f3dszertani K\u00f6zpont c\u00e9lja, hogy a sport\u00e1ghoz tartoz\u00f3 ut\u00e1np\u00f3tl\u00e1snevel\u0151 klubokn\u00e1l a tehets\u00e9ggondoz\u00e1s, a sportol\u00f3i elitk\u00e9pz\u00e9s \u00e9s a nevel\u00e9s a lehet\u0151 legmagasabb szakmai sz\u00ednvonalon val\u00f3suljon meg. Az ut\u00e1np\u00f3tl\u00e1sban a k\u00e9pz\u00e9si strukt\u00far\u00e1t olyan ir\u00e1nyba kell terelni, amely megfelel a mai kor k\u00f6vetelm\u00e9nyeinek. Sz\u00fcks\u00e9g van a k\u00f6z\u00f6s gondolkod\u00e1sra, k\u00f6z\u00f6s ir\u00e1ny kijel\u00f6l\u00e9s\u00e9re, amelynek k\u00f6sz\u00f6nhet\u0151en emelni lehet a szintet, a sz\u00ednvonalat.\u00a0<\/span><\/p>\n<p class=\"x_MsoNormal\"><span>Ennek \u00e9rdek\u00e9ben a kluboknak konstrukt\u00edvan egy\u00fctt kell m\u0171k\u00f6dnie, \u00edgy fontos feladat, ezen egy\u00fcttm\u0171k\u00f6d\u00e9s kereteinek kialak\u00edt\u00e1sa, valamint a m\u00e1r megl\u00e9v\u0151 tud\u00e1s transzfer\u00e1l\u00e1s\u00e1nak megold\u00e1sa a k\u00e9zilabda, a kos\u00e1rlabda \u00e9s a labdar\u00fag\u00e1s m\u00f3dszertani k\u00f6zpontjaival t\u00f6rt\u00e9n\u0151 szorosabb kapcsolat kialak\u00edt\u00e1s\u00e1n kereszt\u00fcl.<\/span><\/p>\n<p class=\"x_MsoNormal\"><b><span>Feladatok:<\/span><\/b><span><\/span><\/p>\n<p class=\"x_MsoNormal\"><span>\u2022 Sport\u00e1gfejleszt\u00e9s tudom\u00e1nyos h\u00e1tter\u00e9nek biztos\u00edt\u00e1sa;<\/span><\/p>\n<p class=\"x_MsoNormal\"><span>\u2022 Tehets\u00e9gek azonos\u00edt\u00e1sa, elitk\u00e9pz\u00e9s t\u00e1mogat\u00e1sa a legmagasabb sportszakmai sz\u00ednvonalon;<\/span><\/p>\n<p class=\"x_MsoNormal\"><span>\u2022 Ir\u00e1nymutat\u00e1s az ut\u00e1np\u00f3tl\u00e1s k\u00e9pz\u00e9s minden ter\u00fclet\u00e9n;<\/span><\/p>\n<p class=\"x_MsoNormal\"><span>\u2022 Szakmai konszenzus kialak\u00edt\u00e1sa;<\/span><\/p>\n<p class=\"x_MsoNormal\"><span>\u2022 Tendenci\u00e1k elemz\u00e9se;<\/span><\/p>\n<p class=\"x_MsoNormal\"><span>\u2022 Koroszt\u00e1lyos k\u00e9pz\u00e9si minimumok \u00e9s sport\u00e1gi posztspecifikus standardok meghat\u00e1roz\u00e1sa;<\/span><\/p>\n<p class=\"x_MsoNormal\"><span>\u2022 Egys\u00e9ges teljes\u00edtm\u00e9ny diagnosztikai c\u00e9lrendszer meghat\u00e1roz\u00e1sa;<\/span><\/p>\n<p class=\"x_MsoNormal\"><span>\u2022 Sport\u00e1gspecifikus, s\u00e9r\u00fcl\u00e9sprevenci\u00f3s \u00e9s rehabilit\u00e1ci\u00f3s program \u00f6ssze\u00e1ll\u00edt\u00e1sa;<\/span><\/p>\n<p class=\"x_MsoNormal\"><span>\u2022 Kiemelt partners\u00e9g a sporttudom\u00e1nyi k\u00e9pz\u00e9ssel rendelkez\u0151 fels\u0151oktat\u00e1si int\u00e9zm\u00e9nyekkel \u00e9s konstrukt\u00edv egy\u00fcttm\u0171k\u00f6d\u00e9s.<\/span><\/p>\n<p>[\/et_pb_text][\/et_pb_column][\/et_pb_row][et_pb_row _builder_version=&#8221;4.27.2&#8243; _module_preset=&#8221;default&#8221; hover_enabled=&#8221;0&#8243; global_colors_info=&#8221;{}&#8221; sticky_enabled=&#8221;0&#8243;][et_pb_column type=&#8221;4_4&#8243; _builder_version=&#8221;4.27.2&#8243; _module_preset=&#8221;default&#8221; global_colors_info=&#8221;{}&#8221;][et_pb_image src=&#8221;https:\/\/hunvolley.hu\/wp-content\/uploads\/RSMK_col_2160px-1.jpg&#8221; title_text=&#8221;RSMK_col_2160px (1)&#8221; _builder_version=&#8221;4.27.2&#8243; _module_preset=&#8221;default&#8221; module_alignment=&#8221;center&#8221; custom_margin=&#8221;||-150px||false|false&#8221; hover_enabled=&#8221;0&#8243; global_colors_info=&#8221;{}&#8221; width=&#8221;50%&#8221; sticky_enabled=&#8221;0&#8243;][\/et_pb_image][\/et_pb_column][\/et_pb_row][\/et_pb_section]<\/p>\n","protected":false},"excerpt":{"rendered":"<p>&nbsp; Bemutatkoz\u00e1sHISZ\u00dcNK A K\u00dcLDET\u00c9S SIKER\u00c9BEN A Magyar R\u00f6plabda Sz\u00f6vets\u00e9g eln\u00f6ks\u00e9ge, 2023. december\u00e9ben hat\u00e1rozott arr\u00f3l, hogy \u00e9letre h\u00edvja a R\u00f6plabda Specifikus M\u00f3dszertani K\u00f6zpontot, mellyel kapcsolatos feladatok ell\u00e1t\u00e1s\u00e1t a B\u00e9k\u00e9scsabai R\u00f6plabda Akad\u00e9mi\u00e1ra [&hellip;]<\/p>\n","protected":false},"author":8,"featured_media":0,"parent":0,"menu_order":0,"comment_status":"closed","ping_status":"closed","template":"","meta":{"_acf_changed":false,"_et_pb_use_builder":"on","_et_pb_old_content":"<p>Hamarosan ebben a men\u00fcpontban lesz l\u00e1that\u00f3 a R\u00f6plabda Specifikus M\u00f3dszertani K\u00f6zpont bemutatkoz\u00f3 sz\u00f6vege.<\/p>","_et_gb_content_width":"","footnotes":""},"class_list":["post-76435","page","type-page","status-publish","hentry"],"acf":[],"_links":{"self":[{"href":"https:\/\/hunvolley.hu\/index.php\/wp-json\/wp\/v2\/pages\/76435","targetHints":{"allow":["GET"]}}],"collection":[{"href":"https:\/\/hunvolley.hu\/index.php\/wp-json\/wp\/v2\/pages"}],"about":[{"href":"https:\/\/hunvolley.hu\/index.php\/wp-json\/wp\/v2\/types\/page"}],"author":[{"embeddable":true,"href":"https:\/\/hunvolley.hu\/index.php\/wp-json\/wp\/v2\/users\/8"}],"replies":[{"embeddable":true,"href":"https:\/\/hunvolley.hu\/index.php\/wp-json\/wp\/v2\/comments?post=76435"}],"version-history":[{"count":17,"href":"https:\/\/hunvolley.hu\/index.php\/wp-json\/wp\/v2\/pages\/76435\/revisions"}],"predecessor-version":[{"id":76960,"href":"https:\/\/hunvolley.hu\/index.php\/wp-json\/wp\/v2\/pages\/76435\/revisions\/76960"}],"wp:attachment":[{"href":"https:\/\/hunvolley.hu\/index.php\/wp-json\/wp\/v2\/media?parent=76435"}],"curies":[{"name":"wp","href":"https:\/\/api.w.org\/{rel}","templated":true}]}}