{"id":3,"date":"2023-10-26T07:14:08","date_gmt":"2023-10-26T07:14:08","guid":{"rendered":"http:\/\/mrsz.pressenger.com\/?page_id=3"},"modified":"2025-03-29T12:44:02","modified_gmt":"2025-03-29T11:44:02","slug":"adatkezeles-impresszum","status":"publish","type":"page","link":"https:\/\/hunvolley.hu\/index.php\/adatkezeles-impresszum\/","title":{"rendered":"Adatkezel\u00e9si t\u00e1j\u00e9koztat\u00f3 \u00e9s impresszum"},"content":{"rendered":"<h2>Impresszum<\/h2>\n<p>A hunvolley.hu a Magyar R\u00f6plabda Sz\u00f6vets\u00e9g hivatalos lapja.<\/p>\n<p><strong>MAGYAR R\u00d6PLABDA SZ\u00d6VETS\u00c9G<\/strong><br \/>\nC\u00edm 1119 Budapest, Vahot utca 10. Fszt. 9 a.<br \/>\nTelefon +36 1 300 7250<br \/>\nEmail hunvolley@hunvolley.hu; backoffice@hunvolley.hu<br \/>\nHonlap www.hunvolley.hu<br \/>\nAd\u00f3sz\u00e1m 18158713-2-43<br \/>\nSz\u00e1mlavezet\u0151 bank MBH Bank, H-1056 Budapest, V\u00e1ci u. 38.<br \/>\nHUF 1030 0002 1056 4905 4902 0012<br \/>\nIBAN (EUR) HU50 1030 0002 1056 4905 4882 0015<br \/>\nIBAN (USD) HU48 1030 0002 1056 4905 0001 4016<br \/>\nSWIFT\/BIC MKKBHUHB<br \/>\nBejegyz\u0151 hat\u00f3s\u00e1g F\u0151v\u00e1rosi B\u00edr\u00f3s\u00e1g<br \/>\nNyilv\u00e1ntart\u00e1si sz\u00e1m 01-07-0000030<\/p>\n<h2>\u00c1ltal\u00e1nos inform\u00e1ci\u00f3k az adatv\u00e9delemr\u0151l<\/h2>\n<p>Az al\u00e1bbi t\u00e1j\u00e9koztat\u00f3 a Magyar R\u00f6plabda Sz\u00f6vets\u00e9g (sz\u00e9khely: 1119 Budapest, Vahot utca 10. Fszt. 9 a.; nyilv\u00e1ntart\u00e1si sz\u00e1m: 01-07-0000030; \u201cSz\u00f6vets\u00e9g\u201d) \u00e1ltal a https:\/\/www.hunvolley.hu weboldalon haszn\u00e1lt cookie-kal, \u00e9s web beacon-okkal \u00f6sszef\u00fcgg\u00e9sben v\u00e9gzett adatkezel\u00e9sre vonatkozik \u00e9s az \u00e9rintettek (teh\u00e1t pl. \u00d6n, mint weboldalunkat felkeres\u0151 mag\u00e1nszem\u00e9ly) t\u00e1j\u00e9koztat\u00e1s\u00e1ra szolg\u00e1l.<\/p>\n<p>C\u00e9lunk, hogy pontos \u00e9s a jogszab\u00e1lyoknak teljes k\u00f6r\u0171en megfelel\u0151 t\u00e1j\u00e9koztat\u00e1st ny\u00fajtsunk arr\u00f3l, hogy mi\u00e9rt \u00e9s hogyan kezelj\u00fck azon mag\u00e1nszem\u00e9lyek szem\u00e9lyes adatait, akik a Sz\u00f6vets\u00e9ggel honlapunkon kereszt\u00fcl kapcsolatba ker\u00fclnek.<\/p>\n<p>A t\u00e1j\u00e9koztat\u00f3 elk\u00e9sz\u00edt\u00e9se az al\u00e1bbi jogszab\u00e1lyok figyelembev\u00e9tel\u00e9vel t\u00f6rt\u00e9nt:<\/p>\n<p>Az Eur\u00f3pai Parlament \u00e9s a Tan\u00e1cs 2016\/679 Rendelete (\u201cGDPR\u201d);<br \/>\nAz inform\u00e1ci\u00f3s \u00f6nrendelkez\u00e9si jogr\u00f3l \u00e9s az inform\u00e1ci\u00f3szabads\u00e1gr\u00f3l sz\u00f3l\u00f3 2011. \u00c9vi CXII. T\u00f6rv\u00e9ny (\u201cInfotv.\u201d);<br \/>\nAz elektronikus h\u00edrk\u00f6zl\u00e9sr\u0151l sz\u00f3l\u00f3 2003. \u00c9vi C. t\u00f6rv\u00e9ny.<\/p>\n<h2>I. Cookie-kal kapcsolatos adatkezel\u00e9s<\/h2>\n<h3>Mik azok a cookie-k?<\/h3>\n<p>A cookie egy kism\u00e9ret\u0171 sz\u00f6veges f\u00e1jl, amelyet az \u00d6n \u00e1ltal megl\u00e1togatott weboldal t\u00e1rol az \u00d6n sz\u00e1m\u00edt\u00f3g\u00e9p\u00e9n, vagy egy\u00e9b, az internet b\u00f6ng\u00e9sz\u00e9s\u00e9re haszn\u00e1lt eszk\u00f6z\u00e9n. Az \u00d6n eszk\u00f6ze a cookie-t a cookie fajt\u00e1j\u00e1t\u00f3l f\u00fcgg\u0151en meghat\u00e1rozott id\u0151tartamon kereszt\u00fcl t\u00e1rolja. Ez lehet\u0151v\u00e9 teszi, hogy a felkeresett weboldal \u201emegjegyezzen\u201d bizonyos adatokat \u00e9s be\u00e1ll\u00edt\u00e1sokat (pl. bejelentkez\u00e9s, nyelv, bet\u0171m\u00e9ret \u00e9s m\u00e1s megjelen\u00edt\u00e9si be\u00e1ll\u00edt\u00e1sok) egy meghat\u00e1rozott id\u0151tartamra.<\/p>\n<p>Emellett bizonyos cookie-kra az\u00e9rt van sz\u00fcks\u00e9g, hogy a weboldal megfelel\u0151 m\u0171k\u00f6d\u00e9se biztos\u00edtott legyen \u00e9s annak minden tartalmi eleme el\u00e9rhet\u0151 legyen az \u00d6n sz\u00e1m\u00e1ra.<\/p>\n<p>A cookie-k az \u00f6n sz\u00e1m\u00edt\u00f3g\u00e9p\u00e9n, vagy egy\u00e9b eszk\u00f6z\u00e9n biztons\u00e1gi kock\u00e1zatot nem jelentenek, m\u0171k\u00f6d\u00e9si zavart nem okoznak.<\/p>\n<h3>Hogyan \u00e9s milyen jogalapon haszn\u00e1ljuk a weboldal l\u00e1togat\u00e1sa sor\u00e1n a cookie-kat?<\/h3>\n<p>A honlapunk zavartalan haszn\u00e1lata \u00e9rdek\u00e9ben egyes cookie-k (az \u00fan. munkamenet cookie-k) a honlapunk megl\u00e1togat\u00e1s\u00e1val automatikusan telep\u00fclnek az \u00d6n sz\u00e1m\u00edt\u00f3g\u00e9p\u00e9re, vagy egy\u00e9b eszk\u00f6z\u00e9re. Az ilyen cookie-k c\u00e9lja a honlapunk biztons\u00e1g\u00e1nak garant\u00e1l\u00e1sa, a weblap tartalmainak hibamentes megjelen\u00edt\u00e9se, valamint honlapunk terhel\u00e9s\u00e9nek kiegyenl\u00edt\u00e9se. Alkalmaz\u00e1suk n\u00e9lk\u00fcl a weboldal megfelel\u0151 m\u0171k\u00f6d\u00e9se nem biztos\u00edthat\u00f3. Ezen cookie-k haszn\u00e1lat\u00e1val gy\u0171jt\u00f6tt szem\u00e9lyes adatokat (k\u00fcl\u00f6n\u00f6sen az \u00d6n sz\u00e1m\u00edt\u00f3g\u00e9p\u00e9nek, vagy egy\u00e9b eszk\u00f6z\u00e9nek IP c\u00edm\u00e9t) a honlapunk biztons\u00e1gos \u00e9s z\u00f6kken\u0151mentes m\u0171k\u00f6d\u00e9s\u00e9hez f\u0171z\u0151d\u0151 jogos \u00e9rdek\u00fcnk alapj\u00e1n kezelj\u00fck, legfeljebb azon id\u0151tartamig, am\u00edg \u00f6n a honlapunkon tart\u00f3zkodik. A b\u00f6ng\u00e9sz\u0151 bez\u00e1r\u00e1s\u00e1val ezek automatikusan t\u00f6rl\u0151dnek az \u00d6n eszk\u00f6z\u00e9r\u0151l. A weboldal l\u00e1togat\u00e1s\u00e1val \u00d6n hozz\u00e1j\u00e1rul\u00e1s\u00e1t adja ezen t\u00edpus\u00fa cookie-k alkalmaz\u00e1s\u00e1hoz.<br \/>\nEgyes cookie-k kiz\u00e1r\u00f3lag k\u00e9nyelmi funkci\u00f3kat biztos\u00edtanak, valamint statisztikai, webanalitikai m\u00e9r\u00e9sekre szolg\u00e1lnak. Ezek sz\u00e1munkra az\u00e9rt fontosak, mert ilyen m\u00f3don t\u00e1j\u00e9koz\u00f3dunk a l\u00e1togat\u00f3ink egyes jellemz\u0151ir\u0151l (IP c\u00edm, v\u00e1ros, a haszn\u00e1lt eszk\u00f6z, b\u00f6ng\u00e9sz\u0151, oper\u00e1ci\u00f3s rendszer t\u00edpusa, illetve az a jellemz\u0151, hogy weboldalunkon mely aloldalakat l\u00e1togatott meg, \u00e9s ott mennyi id\u0151t t\u00f6lt\u00f6tt). Az adatokb\u00f3l weboldalunk l\u00e1togatotts\u00e1g\u00e1val kapcsolatos \u00e1ltal\u00e1nos statisztik\u00e1kat, riportokat k\u00e9sz\u00edt\u00fcnk \u00e9s weboldalunk fejleszt\u00e9s\u00e9hez, t\u00f6k\u00e9letes\u00edt\u00e9s\u00e9hez haszn\u00e1ljuk \u0151ket, hogy \u00d6nnek a Sz\u00f6vets\u00e9g weboldal\u00e1n a k\u00e9s\u0151bbiekben relev\u00e1nsabb tartalmat biztos\u00edthassunk. Tekintettel arra, hogy ezek a cookie-k sem a weboldal m\u0171k\u00f6d\u00e9s\u00e9hez, sem az \u00e1ltalunk ny\u00fajtott szolg\u00e1ltat\u00e1sokhoz nem elengedhetetlen\u00fcl sz\u00fcks\u00e9gesek, azokat csak az \u00d6n kifejezett hozz\u00e1j\u00e1rul\u00e1sa eset\u00e9n alkalmazzuk. Ezen cookie-k alkalmaz\u00e1s\u00e1nak id\u0151tartama addig terjed, am\u00edg az \u00e1ltaluk lehet\u0151v\u00e9 tett funkci\u00f3k biztos\u00edt\u00e1sa azt sz\u00fcks\u00e9gess\u00e9 teszi, vagy \u00d6n vissza nem vonja hozz\u00e1j\u00e1rul\u00e1s\u00e1t. \u00d6n hozz\u00e1j\u00e1rul\u00e1s\u00e1t a weboldal felkeres\u00e9sekor felugr\u00f3, kifejezetten erre a c\u00e9lra szolg\u00e1l\u00f3 fel\u00fcleten adhatja meg. Amennyiben hozz\u00e1j\u00e1rul\u00e1s\u00e1t nem adja meg, ezeket a t\u00edpus\u00fa cookie-kat nem alkalmazzuk az \u00d6n eszk\u00f6z\u00e9n. Hozz\u00e1j\u00e1rul\u00e1s\u00e1t a cookie be\u00e1ll\u00edt\u00e1sok m\u00f3dos\u00edt\u00e1s\u00e1val b\u00e1rmikor ut\u00f3lag is megadhatja, vagy visszavonhatja.<br \/>\nFelh\u00edvjuk a figyelm\u00e9t, hogy a cookie-kat a b\u00f6ng\u00e9sz\u0151je be\u00e1ll\u00edt\u00e1saiban is kezelheti, valamint b\u00e1rmikor t\u00f6r\u00f6lhet minden, a sz\u00e1m\u00edt\u00f3g\u00e9p\u00e9n, vagy egy\u00e9b eszk\u00f6z\u00e9n t\u00e1rolt cookie-t az eszk\u00f6zr\u0151l.<\/p>\n<p><strong>A weboldalunkon haszn\u00e1lt cookie-k funkci\u00f3i \u00e9s tulajdons\u00e1gai az al\u00e1bbiak:<\/strong><\/p>\n<h4>I. Web beacon-okkal kapcsolatos adatkezel\u00e9s<\/h4>\n<p>Mik azok a web beacon-ok?<br \/>\nA web beacon olyan, a weboldalba \u00e1gyazott fel\u00fclet (k\u00e9p), amelynek seg\u00edts\u00e9g\u00e9vel nyomon k\u00f6vethet\u0151k a weboldalon tett l\u00e1togat\u00e1sok, a l\u00e1togat\u00e1si szok\u00e1sok elemz\u00e9se c\u00e9lj\u00e1b\u00f3l. A l\u00e1togat\u00e1si szok\u00e1sok elemz\u00e9se a weboldal fejleszt\u00e9s\u00e9hez, min\u0151s\u00e9g\u00e9nek jav\u00edt\u00e1s\u00e1hoz, valamint az adott felhaszn\u00e1l\u00f3 sz\u00e1m\u00e1ra relev\u00e1ns tartalmak megjelen\u00edt\u00e9s\u00e9hez sz\u00fcks\u00e9ges.<\/p>\n<p>Hogyan \u00e9s milyen jogalapon haszn\u00e1ljuk a weboldal haszn\u00e1lata sor\u00e1n a web beacon-okat?<br \/>\nA web beacon-ok a cookie-k egyes fajt\u00e1ihoz hasonl\u00f3 m\u00f3don m\u0171k\u00f6dnek, mivel a felhaszn\u00e1l\u00f3 IP c\u00edm\u00e9nek seg\u00edts\u00e9g\u00e9vel lehet\u0151v\u00e9 teszik az adott felhaszn\u00e1l\u00f3 online aktivit\u00e1s\u00e1nak nyomon k\u00f6vet\u00e9s\u00e9t.<br \/>\nA web beacon-ok haszn\u00e1lata a Sz\u00f6vets\u00e9g azon jogos \u00e9rdeke alapj\u00e1n t\u00f6rt\u00e9nik, hogy inform\u00e1ci\u00f3kkal rendelkezzen arr\u00f3l, hogy a felhaszn\u00e1l\u00f3k a weboldal mely aloldalait keresik fel \u00e9s ennek f\u00e9ny\u00e9ben folyamatosan fejlessze, hat\u00e9konyabb\u00e1 tegye a weboldalt.<\/p>\n<h4>II. Adattov\u00e1bb\u00edt\u00e1sok c\u00edmzettek r\u00e9sz\u00e9re<\/h4>\n<p>A fenti weboldal \u00fczemeltet\u00e9s\u00e9t a Sz\u00f6vets\u00e9g mint adatkezel\u0151 v\u00e9gzi, adatfeldolgoz\u00f3t az \u00fczemeltet\u00e9s c\u00e9lj\u00e1b\u00f3l nem vesz ig\u00e9nybe \/ A fenti weboldal \u00fczemeltet\u00e9s\u00e9t a Sz\u00f6vets\u00e9g mint adatkezel\u0151 v\u00e9gzi, ennek sor\u00e1n adatfeldolgoz\u00f3k\u00e9nt a [*]-t veszi ig\u00e9nybe.<\/p>\n<h4>III. \u00c9rintett jogok<\/h4>\n<p>A hat\u00e1lyos jogszab\u00e1lyok alapj\u00e1n \u00d6nt az al\u00e1bbiakban r\u00e9szletezett jogok illetik meg szem\u00e9lyes adatai kezel\u00e9se kapcs\u00e1n. A jelen pont \u00e1ltal\u00e1nosan foglalja \u00f6ssze az \u00d6nt megillet\u0151 jogokat, az azt k\u00f6vet\u0151 pontok pedig az egyes jogok gyakorl\u00e1s\u00e1nak felt\u00e9teleit ismertetik.<\/p>\n<p>\u00d6n jogosult k\u00e9rni a Sz\u00f6vets\u00e9gt\u0151l az \u00d6nre vonatkoz\u00f3 szem\u00e9lyes adatokhoz val\u00f3 hozz\u00e1f\u00e9r\u00e9st, azok helyesb\u00edt\u00e9s\u00e9t, illetve k\u00e9rheti az adatok t\u00f6rl\u00e9s\u00e9t vagy kezel\u00e9s\u00e9nek korl\u00e1toz\u00e1s\u00e1t, amennyiben az nem \u00fctk\u00f6zik e jogok gyakorl\u00e1s\u00e1nak jogszab\u00e1ly szerint meg\u00e1llap\u00edtott korl\u00e1taiba.<br \/>\nAmennyiben az adatkezel\u00e9s jogalapja jogos \u00e9rdek, \u00d6n b\u00e1rmikor tiltakozhat a szem\u00e9lyes adatai kezel\u00e9se ellen.<br \/>\nSz\u00e1m\u00edt\u00f3g\u00e9pes rendszereinkben hozz\u00e1j\u00e1rul\u00e1s jogalapon r\u00f6gz\u00edtett adatok kapcs\u00e1n \u00d6nt megilleti az adathordozhat\u00f3s\u00e1ghoz val\u00f3 jog.<br \/>\n\u00d6nt b\u00e1rmikor megilleti a fel\u00fcgyeleti hat\u00f3s\u00e1ghoz t\u00f6rt\u00e9n\u0151 panasz beny\u00fajt\u00e1s\u00e1hoz, valamint a jogorvoslathoz val\u00f3 jog.<br \/>\nHozz\u00e1j\u00e1rul\u00e1son alapul\u00f3 adatkezel\u00e9s \u00f6n b\u00e1rmikor jogosult a hozz\u00e1j\u00e1rul\u00e1s b\u00e1rmely id\u0151pontban t\u00f6rt\u00e9n\u0151 visszavon\u00e1s\u00e1ra, ez azonban nem \u00e9rinti a visszavon\u00e1s el\u0151tt a hozz\u00e1j\u00e1rul\u00e1s alapj\u00e1n v\u00e9grehajtott adatkezel\u00e9s jogszer\u0171s\u00e9g\u00e9t.<\/p>\n<p><strong>A hozz\u00e1f\u00e9r\u00e9shez val\u00f3 jog<\/strong><br \/>\n\u00d6n b\u00e1rmikor felvil\u00e1gos\u00edt\u00e1st k\u00e9rhet arra vonatkoz\u00f3an, hogy szem\u00e9lyes adatait a Sz\u00f6vets\u00e9g kezeli-e \u00e9s mik\u00e9nt, ide\u00e9rtve az adatkezel\u00e9s c\u00e9ljait, a c\u00edmzetteket, akiknek az adatait \u00e1tadt\u00e1k, vagy \u00e1t fogj\u00e1k adni, a forr\u00e1st, ahonnan az \u00f6n adatait a Sz\u00f6vets\u00e9g megkapta, az adatok meg\u0151rz\u00e9si id\u0151tartam\u00e1t, az adatkezel\u00e9ssel kapcsolatos jogait, harmadik orsz\u00e1gba vagy nemzetk\u00f6zi szervezetnek val\u00f3 adattov\u00e1bb\u00edt\u00e1s eset\u00e9n pedig az ezzel kapcsolatos garanci\u00e1kra vonatkoz\u00f3 inform\u00e1ci\u00f3kat.<\/p>\n<p>A hozz\u00e1f\u00e9r\u00e9s joga gyakorl\u00e1sa sor\u00e1n \u00d6n arra is jogosult, hogy a kezelt szem\u00e9lyes adatainak m\u00e1solat\u00e1t k\u00e9rje. Elektronikus \u00faton beny\u00fajtott k\u00e9relem eset\u00e9n \u2013 az \u00f6n ellenkez\u0151 k\u00e9r\u00e9s\u00e9nek hi\u00e1ny\u00e1ban \u2013 a Sz\u00f6vets\u00e9g a k\u00e9rt inform\u00e1ci\u00f3kat elektronikusan (email, illetve pdf f\u00e1jl form\u00e1j\u00e1ban) bocs\u00e1tja rendelkez\u00e9sre. Amennyiben az \u00d6n hozz\u00e1f\u00e9r\u00e9si joga h\u00e1tr\u00e1nyosan \u00e9rinti m\u00e1sok jogait \u00e9s szabads\u00e1gait, a Sz\u00f6vets\u00e9g jogosult az \u00d6n k\u00e9relm\u00e9nek teljes\u00edt\u00e9s\u00e9t a sz\u00fcks\u00e9ges \u00e9s ar\u00e1nyos m\u00e9rt\u00e9kben megtagadni. Abban az esetben, amennyiben \u00d6n a fenti t\u00e1j\u00e9koztat\u00e1st t\u00f6bb p\u00e9ld\u00e1nyban k\u00e9ri, a Sz\u00f6vets\u00e9g a t\u00f6bbletp\u00e9ld\u00e1nyok elk\u00e9sz\u00edt\u00e9s\u00e9nek adminisztrat\u00edv k\u00f6lts\u00e9geivel ar\u00e1nyos \u00e9s \u00e9sszer\u0171 m\u00e9rt\u00e9k\u0171 d\u00edjat sz\u00e1mol fel.<\/p>\n<p><strong>A helyesb\u00edt\u00e9shez val\u00f3 jog<\/strong><br \/>\nA Sz\u00f6vets\u00e9g az \u00d6nre vonatkoz\u00f3 szem\u00e9lyes adatokat k\u00e9r\u00e9s\u00e9re helyesb\u00edti vagy kieg\u00e9sz\u00edti (pl. adatv\u00e1ltoz\u00e1s eset\u00e9n). Amennyiben k\u00e9ts\u00e9g mer\u00fcl fel a helyesb\u00edtett adat kapcs\u00e1n, a Sz\u00f6vets\u00e9g felh\u00edvhatja \u00d6nt, hogy a pontos\u00edtott adatot megfelel\u0151 m\u00f3don \u2013 els\u0151sorban okirattal \u2013 bizony\u00edtsa a Sz\u00f6vets\u00e9g sz\u00e1m\u00e1ra. Amennyiben a jelen joggal \u00e9rintett szem\u00e9lyes adatokat a Sz\u00f6vets\u00e9g m\u00e1s szem\u00e9llyel k\u00f6z\u00f6lte, a Sz\u00f6vets\u00e9g az adat helyesb\u00edt\u00e9s\u00e9t k\u00f6vet\u0151en halad\u00e9ktalanul t\u00e1j\u00e9koztatja ezeket a c\u00edmzetteket, felt\u00e9ve, hogy az nem lehetetlen vagy nem ig\u00e9nyel ar\u00e1nytalan er\u0151fesz\u00edt\u00e9st.<\/p>\n<p>K\u00e9r\u00e9s\u00e9re a Sz\u00f6vets\u00e9g t\u00e1j\u00e9koztat\u00e1st ny\u00fajt ezen c\u00edmzettek k\u00f6r\u00e9r\u0151l.<\/p>\n<p><strong>A t\u00f6rl\u00e9shez val\u00f3 jog (\u201eaz elfeledtet\u00e9shez val\u00f3 jog\u201d)<\/strong><br \/>\nAmennyiben \u00d6n valamely vagy az \u00f6sszes szem\u00e9lyes adat\u00e1nak t\u00f6rl\u00e9s\u00e9t k\u00e9ri, az Sz\u00f6vets\u00e9g az(oka)t indokolatlan k\u00e9sedelem n\u00e9lk\u00fcl t\u00f6rli, amennyiben:<\/p>\n<ul>\n<li>a Sz\u00f6vets\u00e9gnek az adott szem\u00e9lyes adatra m\u00e1r nincs sz\u00fcks\u00e9ge abb\u00f3l a c\u00e9lb\u00f3l, amelyb\u0151l azokat gy\u0171jt\u00f6tte vagy m\u00e1s m\u00f3don kezelte;<\/li>\n<li>olyan adatkezel\u00e9sr\u0151l van sz\u00f3, amely az \u00d6n hozz\u00e1j\u00e1rul\u00e1s\u00e1n alapult, de a hozz\u00e1j\u00e1rul\u00e1st \u00d6n visszavonta \u00e9s az adatkezel\u00e9snek nincs m\u00e1s jogalapja;<\/li>\n<li>olyan adatkezel\u00e9sr\u0151l van sz\u00f3, amely a Sz\u00f6vets\u00e9g vagy harmadik szem\u00e9ly jogos \u00e9rdek\u00e9n alapult, de \u00d6n tiltakozott az adatkezel\u00e9s ellen, \u00e9s nincs els\u0151bbs\u00e9get \u00e9lvez\u0151 jogszer\u0171 ok az adatkezel\u00e9sre;<\/li>\n<li>a szem\u00e9lyes adatokat a Sz\u00f6vets\u00e9g jogellenesen kezelte, vagy<\/li>\n<li>jogi k\u00f6telezetts\u00e9g teljes\u00edt\u00e9s\u00e9hez sz\u00fcks\u00e9ges a szem\u00e9lyes adatok t\u00f6rl\u00e9se.<\/li>\n<li>Amennyiben a jelen joggal \u00e9rintett szem\u00e9lyes adatokat a Sz\u00f6vets\u00e9g m\u00e1s szem\u00e9llyel k\u00f6z\u00f6lte, a Sz\u00f6vets\u00e9g a t\u00f6rl\u00e9st k\u00f6vet\u0151en halad\u00e9ktalanul t\u00e1j\u00e9koztatja ezen szem\u00e9lyeket, felt\u00e9ve, hogy az nem lehetetlen vagy nem ig\u00e9nyel ar\u00e1nytalan er\u0151fesz\u00edt\u00e9st.<\/li>\n<\/ul>\n<p>K\u00e9r\u00e9s\u00e9re a Sz\u00f6vets\u00e9g t\u00e1j\u00e9koztat\u00e1st ny\u00fajt ezen c\u00edmzettek k\u00f6r\u00e9r\u0151l.<br \/>\nFelh\u00edvjuk a figyelm\u00e9t, hogy a Sz\u00f6vets\u00e9g nem minden esetben k\u00f6teles a szem\u00e9lyes adatok t\u00f6rl\u00e9s\u00e9re, k\u00fcl\u00f6n\u00f6sen pl. abban az esetben, ha az adatkezel\u00e9s valamely jogi k\u00f6telezetts\u00e9gnek t\u00f6rt\u00e9n\u0151 megfelel\u00e9s c\u00e9lj\u00e1b\u00f3l sz\u00fcks\u00e9ges.<\/p>\n<p><strong>Az adatkezel\u00e9s korl\u00e1toz\u00e1s\u00e1hoz val\u00f3 jog<\/strong><br \/>\n\u00d6n a szem\u00e9lyes adatai kezel\u00e9s\u00e9nek korl\u00e1toz\u00e1s\u00e1t k\u00e9rheti az al\u00e1bbi esetekben:<\/p>\n<ul>\n<li>amennyiben \u00d6n vitatja a szem\u00e9lyes adatok pontoss\u00e1g\u00e1t \u2013 ez esetben a korl\u00e1toz\u00e1s arra az id\u0151tartamra vonatkozik, amely lehet\u0151v\u00e9 teszi, hogy az adatkezel\u0151 ellen\u0151rizze a szem\u00e9lyes adatok pontoss\u00e1g\u00e1t;<br \/>\namennyiben az adatkezel\u00e9s jogellenes, de \u00d6n ellenzi az adatok t\u00f6rl\u00e9s\u00e9t, \u00e9s ehelyett k\u00e9ri azok felhaszn\u00e1l\u00e1s\u00e1nak korl\u00e1toz\u00e1s\u00e1t;<\/li>\n<li>amennyiben a Sz\u00f6vets\u00e9gnek m\u00e1r nincs sz\u00fcks\u00e9ge a szem\u00e9lyes adatokra adatkezel\u00e9s c\u00e9lj\u00e1b\u00f3l, \u00d6n azonban ig\u00e9nyli azokat jogi ig\u00e9nyek el\u0151terjeszt\u00e9s\u00e9hez, \u00e9rv\u00e9nyes\u00edt\u00e9s\u00e9hez vagy v\u00e9delm\u00e9hez; vagy<\/li>\n<li>amennyiben \u00d6n tiltakozott az adatkezel\u00e9s ellen \u2013 ez esetben a korl\u00e1toz\u00e1s arra az id\u0151tartamra vonatkozik, am\u00edg meg\u00e1llap\u00edt\u00e1sra nem ker\u00fcl, hogy a Sz\u00f6vets\u00e9g jogos indokai els\u0151bbs\u00e9get \u00e9lveznek-e az \u00f6n jogos indokaival szemben.<\/li>\n<li>Az adatkezel\u00e9s korl\u00e1toz\u00e1sa azt jelenti, hogy a korl\u00e1toz\u00e1ssal \u00e9rintett szem\u00e9lyes adatokat a t\u00e1rol\u00e1s kiv\u00e9tel\u00e9vel a Sz\u00f6vets\u00e9g nem kezeli, illetve csak abban a k\u00f6rben kezeli, amihez \u00d6n hozz\u00e1j\u00e1rult, illetve az Sz\u00f6vets\u00e9g ilyen hozz\u00e1j\u00e1rul\u00e1s hi\u00e1ny\u00e1ban is kezelheti azokat az adatokat, amelyek jogi ig\u00e9nyek el\u0151terjeszt\u00e9s\u00e9hez, \u00e9rv\u00e9nyes\u00edt\u00e9s\u00e9hez vagy v\u00e9delm\u00e9hez, vagy m\u00e1s term\u00e9szetes vagy jogi szem\u00e9ly jogainak v\u00e9delme \u00e9rdek\u00e9ben, vagy uni\u00f3s, illetve valamely eur\u00f3pai uni\u00f3s tag\u00e1llam fontos k\u00f6z\u00e9rdek\u00e9re tekintettel sz\u00fcks\u00e9gesek. A Sz\u00f6vets\u00e9g az adatkezel\u00e9s korl\u00e1toz\u00e1s\u00e1nak felold\u00e1s\u00e1r\u00f3l \u00d6nt el\u0151zetesen t\u00e1j\u00e9koztatja.<\/li>\n<li>Amennyiben a jelen joggal \u00e9rintett szem\u00e9lyes adatokat a Sz\u00f6vets\u00e9g m\u00e1s szem\u00e9llyel k\u00f6z\u00f6lte, a Sz\u00f6vets\u00e9g az adatkezel\u00e9s korl\u00e1toz\u00e1s\u00e1r\u00f3l halad\u00e9ktalanul t\u00e1j\u00e9koztatja ezen c\u00edmzetteket, felt\u00e9ve, hogy az nem lehetetlen vagy nem ig\u00e9nyel ar\u00e1nytalan er\u0151fesz\u00edt\u00e9st.<\/li>\n<\/ul>\n<p>K\u00e9r\u00e9s\u00e9re a Sz\u00f6vets\u00e9g t\u00e1j\u00e9koztat\u00e1st ny\u00fajt ezen c\u00edmzettek k\u00f6r\u00e9r\u0151l.<\/p>\n<p><strong>A tiltakoz\u00e1shoz val\u00f3 jog<\/strong><br \/>\nAmennyiben az adatkezel\u00e9s jogalapja a Sz\u00f6vets\u00e9g vagy harmadik szem\u00e9ly jogos \u00e9rdeke, \u00d6n jogosult tiltakozni az adatkezel\u00e9s ellen. A tiltakoz\u00e1snak a Sz\u00f6vets\u00e9g nem k\u00f6teles helyt adni, ha<\/p>\n<ul>\n<li>a Sz\u00f6vets\u00e9g bizony\u00edtja, hogy az adatkezel\u00e9st olyan k\u00e9nyszer\u00edt\u0151 erej\u0171 jogos okok indokolj\u00e1k, amelyek els\u0151bbs\u00e9get \u00e9lveznek az \u00d6n \u00e9rdekeivel, jogaival \u00e9s szabads\u00e1gaival szemben, vagy<br \/>\naz adatkezel\u00e9s a Sz\u00f6vets\u00e9g jogi ig\u00e9nyeinek el\u0151terjeszt\u00e9s\u00e9hez, \u00e9rv\u00e9nyes\u00edt\u00e9s\u00e9hez vagy v\u00e9delm\u00e9hez kapcsol\u00f3dik.<\/li>\n<\/ul>\n<p><strong>Az adathordozhat\u00f3s\u00e1ghoz val\u00f3 jog<\/strong><\/p>\n<p>\u00d6n jogosult k\u00e9rni, hogy a Sz\u00f6vets\u00e9g azokat a szem\u00e9lyes adatait, amelyeket hozz\u00e1j\u00e1rul\u00e1s alapj\u00e1n bocs\u00e1tott a Sz\u00f6vets\u00e9g rendelkez\u00e9s\u00e9re \u00e9s a Sz\u00f6vets\u00e9g automatiz\u00e1ltan (pl. b\u00e1rmilyen sz\u00e1m\u00edt\u00f3g\u00e9pes rendszerben) kezel, az \u00d6n r\u00e9sz\u00e9re g\u00e9ppel olvashat\u00f3 form\u00e1tumban (ak\u00e1r email \u00fatj\u00e1n) adja \u00e1t, ak\u00e1r m\u00e1s adatkezel\u0151nek val\u00f3 \u00e1tad\u00e1s c\u00e9lj\u00e1b\u00f3l is, vagy hogy \u2013 amennyiben az technikailag megval\u00f3s\u00edthat\u00f3 \u2013 a k\u00e9r\u00e9s\u00e9re k\u00f6zvetlen\u00fcl egy m\u00e1sik, \u00e1ltala megjel\u00f6lt adatkezel\u0151 (pl.egy m\u00e1sik sportsz\u00f6vets\u00e9g) r\u00e9sz\u00e9re tov\u00e1bb\u00edtsa. A Sz\u00f6vets\u00e9g ilyen k\u00e9r\u00e9sek eset\u00e9n a k\u00e9rt adatokat pdf f\u00e1jlk\u00e9nt bocs\u00e1tja az \u00f6n rendelkez\u00e9s\u00e9re. Abban az esetben, amennyiben az \u00d6n adathordozhat\u00f3s\u00e1ghoz val\u00f3 jog\u00e1nak gyakorl\u00e1sa h\u00e1tr\u00e1nyosan \u00e9rinten\u00e9 m\u00e1sok jogait \u00e9s szabads\u00e1gait, a Sz\u00f6vets\u00e9g jogosult az \u00d6n k\u00e9relm\u00e9nek teljes\u00edt\u00e9s\u00e9t sz\u00fcks\u00e9ges m\u00e9rt\u00e9kben megtagadni. Az adathordozhat\u00f3s\u00e1g k\u00f6r\u00e9ben tett int\u00e9zked\u00e9s nem jelenti az adatok t\u00f6rl\u00e9s\u00e9t, csak akkor, ha egyidej\u0171leg \u00d6n t\u00f6rl\u00e9si k\u00e9relemmel is \u00e9l, ennek hi\u00e1ny\u00e1ban teh\u00e1t az adatokat a Sz\u00f6vets\u00e9g mindaddig nyilv\u00e1ntartja, ameddig azok kezel\u00e9s\u00e9re c\u00e9llal, illetve megfelel\u0151 jogalappal rendelkezik (ld. az 1.2 pontban foglalt meg\u0151rz\u00e9si id\u0151ket).<\/p>\n<p><strong>Panaszjog, jogorvoslathoz val\u00f3 jog<\/strong><br \/>\nHa \u00d6n \u00fagy \u00edt\u00e9li meg, hogy szem\u00e9lyes adatai Sz\u00f6vets\u00e9g \u00e1ltali kezel\u00e9se megs\u00e9rti a mindenkor hat\u00e1lyos adatv\u00e9delmi jogszab\u00e1lyok, \u00edgy k\u00fcl\u00f6n\u00f6sen a GDPR vagy az Infotv. rendelkez\u00e9seit, jog\u00e1ban \u00e1ll a Nemzeti Adatv\u00e9delmi \u00e9s Inform\u00e1ci\u00f3szabads\u00e1g Hat\u00f3s\u00e1gn\u00e1l (\u201eNAIH\u201d) panaszt beny\u00fajtani.<\/p>\n<p>A NAIH el\u00e9rhet\u0151s\u00e9gei:<br \/>\nHonlap: http:\/\/naih.hu\/<br \/>\nC\u00edm: 1125 Budapest, Szil\u00e1gyi Erzs\u00e9bet fasor 22\/c.<br \/>\nPostac\u00edm: 1530 Budapest, Pf.: 5.<br \/>\nTelefon: +36-1-391-1400<br \/>\nFax: +36-1-391-1410<br \/>\nE-mail: ugyfelszolgalat@naih.hu<\/p>\n<p>\u00d6nnek joga van m\u00e1s, \u00edgy k\u00fcl\u00f6n\u00f6sen a szok\u00e1sos tart\u00f3zkod\u00e1si helye, munkahelye vagy a felt\u00e9telezett jogs\u00e9rt\u00e9s helye szerinti eur\u00f3pai uni\u00f3s tag\u00e1llamban l\u00e9trehozott, fel\u00fcgyeleti hat\u00f3s\u00e1gn\u00e1l is panaszt tenni.<\/p>\n<p>\u00d6n \u2013 panaszt\u00e9teli jog\u00e1t\u00f3l f\u00fcggetlen\u00fcl \u2013 fenti jogs\u00e9relem eset\u00e9n b\u00edr\u00f3s\u00e1ghoz is fordulhat. A Sz\u00f6vets\u00e9g eset\u00e9ben az illet\u00e9kes b\u00edr\u00f3s\u00e1g a F\u0151v\u00e1rosi T\u00f6rv\u00e9nysz\u00e9k, azonban \u00d6n a pert a lak\u00f3helye szerinti t\u00f6rv\u00e9nysz\u00e9k el\u0151tt is megind\u00edthatja. A t\u00f6rv\u00e9nysz\u00e9kek el\u00e9rhet\u0151s\u00e9ge az al\u00e1bbi linken tal\u00e1lhat\u00f3: http:\/\/birosag.hu\/torvenyszekek. \u00d6n tov\u00e1bb\u00e1 a pert a szok\u00e1sos tart\u00f3zkod\u00e1si helye szerinti tag\u00e1llam hat\u00e1sk\u00f6rrel \u00e9s illet\u00e9kess\u00e9ggel rendelkez\u0151 b\u00edr\u00f3s\u00e1ga el\u0151tt is megind\u00edthatja, amennyiben az \u00d6n szok\u00e1sos tart\u00f3zkod\u00e1si helye az Eur\u00f3pai Uni\u00f3 m\u00e1s tag\u00e1llam\u00e1ban van.<\/p>\n<p>\u00d6n jogosult b\u00edr\u00f3s\u00e1ghoz fordulni a NAIH r\u00e1 vonatkoz\u00f3, jogilag k\u00f6telez\u0151 erej\u0171 d\u00f6nt\u00e9s\u00e9vel szemben is. Az \u00e9rintett jogosult tov\u00e1bb\u00e1 b\u00edr\u00f3s\u00e1gi jogorvoslatra, ha a NAIH nem foglalkozik a panasz\u00e1val, vagy h\u00e1rom h\u00f3napon bel\u00fcl nem t\u00e1j\u00e9koztatja \u00f6nt a beny\u00fajtott panasz\u00e1val kapcsolatos elj\u00e1r\u00e1si fejlem\u00e9nyekr\u0151l vagy annak eredm\u00e9ny\u00e9r\u0151l. \u00d6nnek jog\u00e1ban \u00e1ll a panasznak a nev\u00e9ben t\u00f6rt\u00e9n\u0151 beny\u00fajt\u00e1s\u00e1val, a NAIH hat\u00e1rozat\u00e1nak b\u00edr\u00f3s\u00e1gi fel\u00fclvizsg\u00e1lat\u00e1val, a keresetind\u00edt\u00e1ssal, valamint a k\u00e1rt\u00e9r\u00edt\u00e9si jog\u00e1nak a nev\u00e9ben t\u00f6rt\u00e9n\u0151 \u00e9rv\u00e9nyes\u00edt\u00e9s\u00e9vel egy olyan nonprofit jelleg\u0171 szervezetet vagy egyes\u00fcletet megb\u00edzni, amelyet valamely eur\u00f3pai uni\u00f3s tag\u00e1llam jog\u00e1nak megfelel\u0151en hoztak l\u00e9tre \u00e9s amelynek alapszab\u00e1lyban r\u00f6gz\u00edtett c\u00e9ljai a k\u00f6z\u00e9rdek szolg\u00e1lata, valamint az \u00e9rintettek jogainak \u00e9s szabads\u00e1g\u00e1nak a szem\u00e9lyes adatok vonatkoz\u00e1s\u00e1ban biztos\u00edtott v\u00e9delme.<\/p>\n<h3>Automatiz\u00e1lt d\u00f6nt\u00e9shozatal, profilalkot\u00e1s<\/h3>\n<p>T\u00e1j\u00e9koztatjuk, hogy a Sz\u00f6vets\u00e9g az adatkezel\u00e9sei sor\u00e1n automatiz\u00e1lt d\u00f6nt\u00e9shozatalt (teh\u00e1t pl. olyan elj\u00e1r\u00e1st, amelynek sor\u00e1n emberi beavatkoz\u00e1s n\u00e9lk\u00fcl, egy sz\u00e1m\u00edt\u00f3g\u00e9pes algoritmus hoz az \u00e9rintettekre vonatkoz\u00f3 d\u00f6nt\u00e9seket), illetve profilalkot\u00e1st (teh\u00e1t pl. az \u00e9rintett bizonyos szem\u00e9lyes jellemz\u0151inek elemz\u00e9s\u00e9n alapul\u00f3 k\u00f6vetkeztet\u00e9sek levon\u00e1s\u00e1t, szem\u00e9lyis\u00e9gprofil k\u00e9sz\u00edt\u00e9s\u00e9t) nem v\u00e9gez. [cookie-k fajt\u00e1ja alapj\u00e1n meger\u0151s\u00edtend\u0151]<\/p>\n<h3>Kontakt<\/h3>\n<p>A jelen t\u00e1j\u00e9koztat\u00f3ban foglalt adatkezel\u00e9sek kapcs\u00e1n az al\u00e1bbi el\u00e9rhet\u0151s\u00e9geken \u00e1llunk rendelkez\u00e9s\u00e9re:<\/p>\n<p>hunvolley@hunvolley.hu<br \/>\nfischer.dominik@hunvolley.hu<\/p>\n","protected":false},"excerpt":{"rendered":"<p>Impresszum A hunvolley.hu a Magyar R\u00f6plabda Sz\u00f6vets\u00e9g hivatalos lapja. MAGYAR R\u00d6PLABDA SZ\u00d6VETS\u00c9G C\u00edm 1119 Budapest, Vahot utca 10. Fszt. 9 a. Telefon +36 1 300 7250 Email hunvolley@hunvolley.hu; backoffice@hunvolley.hu Honlap [&hellip;]<\/p>\n","protected":false},"author":1,"featured_media":0,"parent":0,"menu_order":0,"comment_status":"closed","ping_status":"closed","template":"","meta":{"_acf_changed":false,"_et_pb_use_builder":"","_et_pb_old_content":"","_et_gb_content_width":"","footnotes":""},"class_list":["post-3","page","type-page","status-publish","hentry"],"acf":[],"_links":{"self":[{"href":"https:\/\/hunvolley.hu\/index.php\/wp-json\/wp\/v2\/pages\/3","targetHints":{"allow":["GET"]}}],"collection":[{"href":"https:\/\/hunvolley.hu\/index.php\/wp-json\/wp\/v2\/pages"}],"about":[{"href":"https:\/\/hunvolley.hu\/index.php\/wp-json\/wp\/v2\/types\/page"}],"author":[{"embeddable":true,"href":"https:\/\/hunvolley.hu\/index.php\/wp-json\/wp\/v2\/users\/1"}],"replies":[{"embeddable":true,"href":"https:\/\/hunvolley.hu\/index.php\/wp-json\/wp\/v2\/comments?post=3"}],"version-history":[{"count":9,"href":"https:\/\/hunvolley.hu\/index.php\/wp-json\/wp\/v2\/pages\/3\/revisions"}],"predecessor-version":[{"id":78254,"href":"https:\/\/hunvolley.hu\/index.php\/wp-json\/wp\/v2\/pages\/3\/revisions\/78254"}],"wp:attachment":[{"href":"https:\/\/hunvolley.hu\/index.php\/wp-json\/wp\/v2\/media?parent=3"}],"curies":[{"name":"wp","href":"https:\/\/api.w.org\/{rel}","templated":true}]}}